{"id":138,"date":"2019-01-01T12:14:18","date_gmt":"2019-01-01T12:14:18","guid":{"rendered":"http:\/\/horoscopephotography.maat-artio.at\/?page_id=138"},"modified":"2019-02-18T23:27:40","modified_gmt":"2019-02-18T23:27:40","slug":"examples","status":"publish","type":"page","link":"https:\/\/horoscopephotography.maat-artio.at\/de\/examples\/","title":{"rendered":"Beispiele"},"content":{"rendered":"<p>Horoskop-Fotografie \/ Pers\u00f6nlichkeitshoroskop mit individuellem Lebensmotto \/ Horoskop der eigenen Potenziale \/ Aktuelle Zeitqualit\u00e4t f\u00fcr ein Jahr  <\/p>\n\n\n\n<ul class=\"wp-block-gallery columns-4 is-cropped wp-block-gallery-1 is-layout-flex wp-block-gallery-is-layout-flex\"><li class=\"blocks-gallery-item\"><figure><a href=\"https:\/\/horoscopephotography.maat-artio.at\/de\/examples\/helga-knirsch-symbolbild-horoskop_2018\/\"><img loading=\"lazy\" decoding=\"async\" width=\"850\" height=\"529\" src=\"http:\/\/horoscopephotography.maat-artio.at\/wp-content\/uploads\/2019\/01\/Helga-Knirsch-symbolbild-horoskop_2018-e1546347474101.jpg\" alt=\"Aquarius dominates the events with Sun, Moon, Mercury and Venus. But to succeed in the life plan and its implementation, it requires the development of Scorpio by the power of Neptune and Jupiter. The Uranic and Plutonic past must be viewed and integrated.\" data-id=\"189\" data-link=\"http:\/\/horoscopephotography.maat-artio.at\/examples\/helga-knirsch-symbolbild-horoskop_2018\/\" class=\"wp-image-189\"\/><\/a><figcaption><a href=\"https:\/\/horoscopephotography.maat-artio.at\/de\/horoscope-i\/\">http:\/\/horoscopephotography.maat-artio.at\/de\/horoscope-ii\/<\/a>Wassermann beherrscht die Ereignisse mit Sonne, Mond, Merkur und Venus. Aber um den Lebensplan und seine Umsetzung erfolgreich zu gestalten, bedarf es der Entwicklung von Skorpion durch die Macht von Neptun und Jupiter. Die uranische und plutonische Vergangenheit muss betrachtet und integriert werden.<\/figcaption><\/figure><\/li><li class=\"blocks-gallery-item\"><figure><a href=\"https:\/\/horoscopephotography.maat-artio.at\/de\/symbol-picture-2018\/\"><img loading=\"lazy\" decoding=\"async\" width=\"850\" height=\"565\" src=\"http:\/\/horoscopephotography.maat-artio.at\/wp-content\/uploads\/2018\/11\/symbol-picture-2018.jpg\" alt=\"\" data-id=\"22\" data-link=\"http:\/\/horoscopephotography.maat-artio.at\/2018\/11\/26\/examples__trashed\/symbol-picture-2018\/\" class=\"wp-image-22\" srcset=\"https:\/\/horoscopephotography.maat-artio.at\/wp-content\/uploads\/2018\/11\/symbol-picture-2018.jpg 850w, https:\/\/horoscopephotography.maat-artio.at\/wp-content\/uploads\/2018\/11\/symbol-picture-2018-300x199.jpg 300w, https:\/\/horoscopephotography.maat-artio.at\/wp-content\/uploads\/2018\/11\/symbol-picture-2018-768x510.jpg 768w, https:\/\/horoscopephotography.maat-artio.at\/wp-content\/uploads\/2018\/11\/symbol-picture-2018-400x266.jpg 400w\" sizes=\"auto, (max-width: 709px) 85vw, (max-width: 909px) 67vw, (max-width: 1362px) 62vw, 840px\" \/><\/a><figcaption> <a href=\"https:\/\/horoscopephotography.maat-artio.at\/de\/horoscope-ii\/\">http:\/\/horoscopephotography.maat-artio.at\/de\/horoscope-ii\/<\/a><br><em>Die Schwierigkeit zu dem Bed\u00fcrfnis Deines Wesens, repr\u00e4sentiert durch Sonne im Wassermann zu stehen, liegt im Spannungsaspekt, Quadrat, zu Deinem stark positionierten Mars im Stier. Diese beiden Kr\u00e4fte in Einklang zu bringen, ist eine Lebensaufgabe. Das Sicherheitsbed\u00fcrfnis muss mit dem des Wagnisses in Einklang gebracht werden, um Deinen Lebensplan umzusetzen. Dieser scheinbare Widerspruch wird mit der Energie von Uranus in der Waage ausgeglichen. <\/em> <\/figcaption><\/figure><\/li><li class=\"blocks-gallery-item\"><figure><a href=\"https:\/\/horoscopephotography.maat-artio.at\/de\/home-2\/gabi-horoskopbild_portraet\/\"><img loading=\"lazy\" decoding=\"async\" width=\"447\" height=\"470\" src=\"http:\/\/horoscopephotography.maat-artio.at\/wp-content\/uploads\/2018\/12\/Gabi-horoskopbild_portr\u00e4t.jpg\" alt=\"\" data-id=\"102\" data-link=\"http:\/\/horoscopephotography.maat-artio.at\/home-2\/gabi-horoskopbild_portraet\/\" class=\"wp-image-102\" srcset=\"https:\/\/horoscopephotography.maat-artio.at\/wp-content\/uploads\/2018\/12\/Gabi-horoskopbild_portr\u00e4t.jpg 447w, https:\/\/horoscopephotography.maat-artio.at\/wp-content\/uploads\/2018\/12\/Gabi-horoskopbild_portr\u00e4t-285x300.jpg 285w\" sizes=\"auto, (max-width: 447px) 85vw, 447px\" \/><\/a><figcaption><a href=\"https:\/\/horoscopephotography.maat-artio.at\/de\/horoscope-iii\/\">http:\/\/horoscopephotography.maat-artio.at\/en\/horoscope-iii\/<\/a> <br><em>Die Verbindung der Sonne im Steinbock und der Mond im Wassermann verbinden beide Zeichen zu einem neuen, dessen Essenz in diesem Leben neu geschaffen werden muss. Hier ist die Frage, woher ich komme und wohin gehe ich danach?<\/em> <\/figcaption><\/figure><\/li><li class=\"blocks-gallery-item\"><figure><a href=\"https:\/\/horoscopephotography.maat-artio.at\/de\/examples\/horoskopfoto-peter_web\/\"><img loading=\"lazy\" decoding=\"async\" width=\"425\" height=\"640\" src=\"http:\/\/horoscopephotography.maat-artio.at\/wp-content\/uploads\/2019\/01\/horoskopfoto-peter_web.jpg\" alt=\"\" data-id=\"562\" data-link=\"http:\/\/horoscopephotography.maat-artio.at\/examples\/horoskopfoto-peter_web\/\" class=\"wp-image-562\" srcset=\"https:\/\/horoscopephotography.maat-artio.at\/wp-content\/uploads\/2019\/01\/horoskopfoto-peter_web.jpg 425w, https:\/\/horoscopephotography.maat-artio.at\/wp-content\/uploads\/2019\/01\/horoskopfoto-peter_web-199x300.jpg 199w\" sizes=\"auto, (max-width: 425px) 85vw, 425px\" \/><\/a><figcaption> <br><a href=\"https:\/\/horoscopephotography.maat-artio.at\/de\/horoscope-iv\/\">http:\/\/horoscopephotography.maat-artio.at\/de\/horoscope-iv\/<\/a>Weniger H\u00e4rte zu sich selbst, aber auch zu Beziehungspartnerinnen ist wichtig, um Zufriedenheit zu finden. Die eigenen Gef\u00fchle spielen hier eine wichtige Rolle und sind bei Entscheidungen immer anzuh\u00f6ren, egal in welcher Situation Deines Lebens. Deine Heilung findet hier statt. Verh\u00e4rtungen sind k\u00f6rperlich und geistig eine Herausforderung. Auf Deine Intuition und Gef\u00fchle zu h\u00f6ren wirken positiv auf Deine Gesundheit. Kreativit\u00e4t und Kunst ist ein Bereich, um Liebe im weitesten Sinn im Leben zu finden und mit all den herausfordernden Ver\u00e4nderungen umgehen zu k\u00f6nnen, die bevorstehen. <\/figcaption><\/figure><\/li><\/ul>\n\n\n\n<p> <strong>Hochzeits- und Partnerhoroskop<\/strong> <\/p>\n\n\n\n<ul class=\"wp-block-gallery columns-2 is-cropped wp-block-gallery-2 is-layout-flex wp-block-gallery-is-layout-flex\"><li class=\"blocks-gallery-item\"><figure><img loading=\"lazy\" decoding=\"async\" width=\"567\" height=\"854\" src=\"http:\/\/horoscopephotography.maat-artio.at\/wp-content\/uploads\/2019\/02\/Blumen-weddings-hochzeit_frau_web.jpg\" alt=\"\" data-id=\"844\" data-link=\"http:\/\/horoscopephotography.maat-artio.at\/examples\/blumen-weddings-hochzeit_frau_web\/\" class=\"wp-image-844\" srcset=\"https:\/\/horoscopephotography.maat-artio.at\/wp-content\/uploads\/2019\/02\/Blumen-weddings-hochzeit_frau_web.jpg 567w, https:\/\/horoscopephotography.maat-artio.at\/wp-content\/uploads\/2019\/02\/Blumen-weddings-hochzeit_frau_web-199x300.jpg 199w\" sizes=\"auto, (max-width: 567px) 85vw, 567px\" \/><figcaption><a href=\"https:\/\/horoscopephotography.maat-artio.at\/de\/wedding-day-horoscope\/\">http:\/\/horoscopephotography.maat-artio.at\/wedding-day-horoscope\/(\u00f6ffnet in neuem Tab)<\/a>  Euer Hochzeitstag unterst\u00fctzt sowohl die Partnerschaft als auch die individuellen Ziele im Leben. Wobei die Sonne des h\u00f6chsten Tages  den Aszendent von Karl bestrahlt, wird jener von Theresia von Uranus an diesem Tag inspiriert. So wird die Energie des Selbstausdrucks in der Partnerschaft und im eigenen Leben positiv beeinflusst. (...)<\/figcaption><\/figure><\/li><li class=\"blocks-gallery-item\"><figure><img loading=\"lazy\" decoding=\"async\" width=\"469\" height=\"473\" src=\"http:\/\/horoscopephotography.maat-artio.at\/wp-content\/uploads\/2019\/02\/partnership-horoscope-photography.jpg\" alt=\"\" data-id=\"861\" data-link=\"http:\/\/horoscopephotography.maat-artio.at\/examples\/partnership-horoscope-photography\/\" class=\"wp-image-861\" srcset=\"https:\/\/horoscopephotography.maat-artio.at\/wp-content\/uploads\/2019\/02\/partnership-horoscope-photography.jpg 469w, https:\/\/horoscopephotography.maat-artio.at\/wp-content\/uploads\/2019\/02\/partnership-horoscope-photography-150x150.jpg 150w, https:\/\/horoscopephotography.maat-artio.at\/wp-content\/uploads\/2019\/02\/partnership-horoscope-photography-297x300.jpg 297w\" sizes=\"auto, (max-width: 469px) 85vw, 469px\" \/><figcaption><a href=\"https:\/\/horoscopephotography.maat-artio.at\/de\/relationship-horoscope\/\">http:\/\/horoscopephotography.maat-artio.at\/en\/partnership-horoscope\/<\/a>  Er Sonne in Skorpion mit Aszendent Waage, Schwerpunkte f\u00fcr Partnerschaft im Horoskop sind: Venus und Lilith mit Aszendent in Konjunktion in Waage, bedeutet einen Ausgleich der eigenen Vorstellungen von weiblichen Rollen, wie die starke Karreierefrau als auch hingebungsvolle Partnerin, zu verwirklichen, bzw. auch diesen ausgleichenden Energien in Frauen und auch letztendlich in der Partnerin zu suchen. Diese Rollen sollen beide repr\u00e4sentiert sein, da eine m\u00fcndige Partnerin ein wichtiges Ziel im Leben ist. Weiters soll diese Verbindung von revolution\u00e4ren und vision\u00e4rer Qualit\u00e4t sein, als auch vom freien Willen des Zusammenseins und einem starken Gef\u00fchl von Freiheit getragen werden. (...)<br> Sie: Sonne in Jungfrau mit Aszendent in den Zwillingen: mit Mars im L\u00f6wen sucht sie einen Partner mit sowohl einen famili\u00e4ren Partner, aber auch einen , der viel Spa\u00df und Freude an kreativen Unternehmungen und auch Sex liebt. Der aufsteigende Mondknoten im Skorpion sucht die Antwort des eigenen Lebensziels bei einem Partner, der mit den tiefen des menschlichen Daseins umgehen kann. (...) <\/figcaption><\/figure><\/li><\/ul>\n\n\n\n<p><a href=\"https:\/\/horoscopephotography.maat-artio.at\/de\/offers\/\">see offers<\/a><\/p>","protected":false},"excerpt":{"rendered":"<p>Horoscope-Photography \/ Personality Horoscope with individual life motto \/ Horoscope of your own potential \/ Current time quality for one year Wedding and partnership horoscopes see offers<\/p>","protected":false},"author":1,"featured_media":0,"parent":0,"menu_order":0,"comment_status":"closed","ping_status":"closed","template":"","meta":{"_mi_skip_tracking":false,"_exactmetrics_sitenote_active":false,"_exactmetrics_sitenote_note":"","_exactmetrics_sitenote_category":0,"footnotes":""},"class_list":["post-138","page","type-page","status-publish","hentry"],"_links":{"self":[{"href":"https:\/\/horoscopephotography.maat-artio.at\/de\/wp-json\/wp\/v2\/pages\/138","targetHints":{"allow":["GET"]}}],"collection":[{"href":"https:\/\/horoscopephotography.maat-artio.at\/de\/wp-json\/wp\/v2\/pages"}],"about":[{"href":"https:\/\/horoscopephotography.maat-artio.at\/de\/wp-json\/wp\/v2\/types\/page"}],"author":[{"embeddable":true,"href":"https:\/\/horoscopephotography.maat-artio.at\/de\/wp-json\/wp\/v2\/users\/1"}],"replies":[{"embeddable":true,"href":"https:\/\/horoscopephotography.maat-artio.at\/de\/wp-json\/wp\/v2\/comments?post=138"}],"version-history":[{"count":47,"href":"https:\/\/horoscopephotography.maat-artio.at\/de\/wp-json\/wp\/v2\/pages\/138\/revisions"}],"predecessor-version":[{"id":877,"href":"https:\/\/horoscopephotography.maat-artio.at\/de\/wp-json\/wp\/v2\/pages\/138\/revisions\/877"}],"wp:attachment":[{"href":"https:\/\/horoscopephotography.maat-artio.at\/de\/wp-json\/wp\/v2\/media?parent=138"}],"curies":[{"name":"wp","href":"https:\/\/api.w.org\/{rel}","templated":true}]}}