{"id":15,"date":"2018-11-27T18:05:59","date_gmt":"2018-11-27T18:05:59","guid":{"rendered":"http:\/\/horoscopephotography.maat-artio.at\/?page_id=15"},"modified":"2019-01-28T23:18:10","modified_gmt":"2019-01-28T23:18:10","slug":"about","status":"publish","type":"page","link":"https:\/\/horoscopephotography.maat-artio.at\/de\/about\/","title":{"rendered":"\u00dcber uns"},"content":{"rendered":"<div class=\"wp-block-cover has-background-dim is-layout-flow wp-block-cover-is-layout-flow\" style=\"background-image:url(http:\/\/horoscopephotography.maat-artio.at\/wp-content\/uploads\/2019\/01\/sonnenkind_2015_klein.jpg)\"><p class=\"wp-block-cover-text\">Horoskop-Fotografie<\/p><\/div>\n\n\n\n<p><strong>Warum Horoskop-Fotografie<\/strong><\/p>\n\n\n\n<p>Oft haben Menschen das Gef\u00fchl, sie sind nicht ganz, sie erkennen und begreifen nicht die Verbindung aller ihrer Eigenschaften und Potentiale und sehen nicht durch den Nebel ihren individuellen Lebensweg. Sie halten sich bei Problemen auf, die sie behindern voran zu kommen und k\u00f6nnen nur schwer zufrieden und auch gl\u00fccklich sein. <\/p>\n\n\n\n<p>Ich sehe den Menschen als Kunstwerk der Sch\u00f6pfung und so auch Ihr Horoskop als Ganzes, von einer Metaebene. Wie ein Vogel, der auf eine wundersch\u00f6ne Landschaft blickt und sich orientiert. Desto h\u00f6her er fliegt, desto mehr pr\u00e4gt er sich die Details ein, deren Verbindungswege er in der nahen Betrachtung wieder erkennt und die Zusammenh\u00e4nge der einzelnen Bereiche im Kleinen verstehen und anderen mitteilen kann. Die Planeten sind die einzelnen besonderen Ankerpunkte auf der Landkarte, deren Position und Verbindungen das gesamte Landschaftsbild ausmachen, die das Wesen der Landschaft, ihre Beschaffenheit und Einzigartigkeit wieder geben. So betrachte ich Ihr Horoskop und fasse meinen Blick in ein foto-grafisches Kunstwerk, das aufgrund der Verbindung der Planeten, H\u00e4user und Sternzeichen, Ihrer  Eigenschaften, Potentiale, Aufgaben und Ziele im Leben Ihre Einzigartigkeit vermittelt. Die Horoskopbeschreibungen dazu entstehen auf dem gleichen Weg, wobei ich Ihr Horoskop interpretiere und  in Worte fasse, die wieder ein Bild ergeben, Ihr \u201ePortr\u00e4t\u201c in Worten ergeben. <\/p>\n\n\n\n<p>Die Horoskopbeschreibungen dazu entstehen auf dem gleichen Weg, wobei ich Ihr Horoskop interpretiere und  in Worte fasse, die wieder ein Bild ergeben, Ihr \u201ePortr\u00e4t\u201c in Worten ergeben. <\/p>\n\n\n\n<p><strong>\u00dcber mich<\/strong><\/p>\n\n\n\n<p><em>Als K\u00fcnstlerin und Fotografin dr\u00fccke ich die Wirkung der Sterne in Fotoarbeiten aus. Diese Arbeiten werden f\u00fcr jedes Horoskop individuell gestaltet und wirken auf einer weiteren energetischen Ebene im Sinne der Bedeutung des Horoskops. <\/em><\/p>\n\n\n\n<p><em>Seit ich mit meiner Mutter als junge Frau \u00fcber Horoskope gesprochen habe, von ihr gelernt habe die Sterne zu interpretieren, habe ich mich ihrer Botschaften gewidmet. <\/em><\/p>\n\n\n\n<p><em>Alle Horoskope sind ebenfalls einzigartig formuliert und bestehen nicht, wie sonst aus zusammengefassten automatisch generierten einzelnen Teilen, sondern werden als einzigartiges gesamtes Werk zur Verf\u00fcgung gestellt. <\/em><\/p>\n\n\n\n<p><a rel=\"noreferrer noopener\" href=\"http:\/\/www.maat-artio.at\/english-version\/about-the-person\/curriculum-vitae\/\" target=\"_blank\">Gabriele Johanna Schatzl<\/a><\/p>","protected":false},"excerpt":{"rendered":"<p>Why Horoscope Photography Often people have the feeling that they are not quite, they do not recognize and understand the connection of all their qualities and potentials and do not see through the fog their individual life path. They stay with problems that prevent them from progressing and so they can not be satisfied and &hellip; <a href=\"https:\/\/horoscopephotography.maat-artio.at\/de\/about\/\" class=\"more-link\"><span class=\"screen-reader-text\">&#8222;about&#8220; <\/span>weiterlesen<\/a><\/p>","protected":false},"author":1,"featured_media":0,"parent":0,"menu_order":0,"comment_status":"closed","ping_status":"closed","template":"","meta":{"_mi_skip_tracking":false,"_exactmetrics_sitenote_active":false,"_exactmetrics_sitenote_note":"","_exactmetrics_sitenote_category":0,"footnotes":""},"class_list":["post-15","page","type-page","status-publish","hentry"],"_links":{"self":[{"href":"https:\/\/horoscopephotography.maat-artio.at\/de\/wp-json\/wp\/v2\/pages\/15","targetHints":{"allow":["GET"]}}],"collection":[{"href":"https:\/\/horoscopephotography.maat-artio.at\/de\/wp-json\/wp\/v2\/pages"}],"about":[{"href":"https:\/\/horoscopephotography.maat-artio.at\/de\/wp-json\/wp\/v2\/types\/page"}],"author":[{"embeddable":true,"href":"https:\/\/horoscopephotography.maat-artio.at\/de\/wp-json\/wp\/v2\/users\/1"}],"replies":[{"embeddable":true,"href":"https:\/\/horoscopephotography.maat-artio.at\/de\/wp-json\/wp\/v2\/comments?post=15"}],"version-history":[{"count":66,"href":"https:\/\/horoscopephotography.maat-artio.at\/de\/wp-json\/wp\/v2\/pages\/15\/revisions"}],"predecessor-version":[{"id":789,"href":"https:\/\/horoscopephotography.maat-artio.at\/de\/wp-json\/wp\/v2\/pages\/15\/revisions\/789"}],"wp:attachment":[{"href":"https:\/\/horoscopephotography.maat-artio.at\/de\/wp-json\/wp\/v2\/media?parent=15"}],"curies":[{"name":"wp","href":"https:\/\/api.w.org\/{rel}","templated":true}]}}