{"id":16,"date":"2018-11-27T18:05:59","date_gmt":"2018-11-27T18:05:59","guid":{"rendered":"http:\/\/horoscopephotography.maat-artio.at\/?page_id=16"},"modified":"2019-03-04T08:05:05","modified_gmt":"2019-03-04T08:05:05","slug":"home-2","status":"publish","type":"page","link":"https:\/\/horoscopephotography.maat-artio.at\/de\/","title":{"rendered":"Home"},"content":{"rendered":"<div class=\"wp-block-cover has-background-dim-20 has-background-dim is-layout-flow wp-block-cover-is-layout-flow\" style=\"background-image:url(http:\/\/horoscopephotography.maat-artio.at\/wp-content\/uploads\/2018\/11\/domainpicture_kl.jpg)\"><p class=\"wp-block-cover-text\">introduction:<br> &#8220;Astrology is neither science nor religious belief system. She is an art. Artists mediate between different dimensions of being. The images, sounds, words and forms artists use are languages that tell of the meaningful contexts of reality that the rational mind can neither understand nor communicate.&#8221; (Liz Greene, 1946) <\/p><\/div>\n\n\n\n<div class=\"wp-block-media-text alignwide has-white-background-color is-stacked-on-mobile\" style=\"grid-template-columns:25% auto\"><figure class=\"wp-block-media-text__media\"><img loading=\"lazy\" decoding=\"async\" width=\"709\" height=\"741\" src=\"http:\/\/horoscopephotography.maat-artio.at\/wp-content\/uploads\/2019\/01\/sonnenkind.jpg\" alt=\"Long exposure of the movement of a face that has been digitally processed so that the outline of the face looks like sunbeams\" class=\"wp-image-284\" srcset=\"https:\/\/horoscopephotography.maat-artio.at\/wp-content\/uploads\/2019\/01\/sonnenkind.jpg 709w, https:\/\/horoscopephotography.maat-artio.at\/wp-content\/uploads\/2019\/01\/sonnenkind-287x300.jpg 287w\" sizes=\"auto, (max-width: 709px) 85vw, 709px\" \/><\/figure><div class=\"wp-block-media-text__content\">\n<ul class=\"wp-block-list\"><li class=\" translation-block\">Die Kraft der Sonne bestimmt unser Sein in dieser Welt.<\/li><\/ul>\n<\/div><\/div>\n\n\n\n<div class=\"wp-block-media-text alignwide has-white-background-color is-stacked-on-mobile\" style=\"grid-template-columns:25% auto\"><figure class=\"wp-block-media-text__media\"><img loading=\"lazy\" decoding=\"async\" width=\"397\" height=\"399\" src=\"http:\/\/horoscopephotography.maat-artio.at\/wp-content\/uploads\/2019\/01\/mond.jpg\" alt=\"two moons that seem to move on a stone star wheel from top left to bottom right. On the far right half of a face is recognizable. Digitally processed photographs.\" class=\"wp-image-297\" srcset=\"https:\/\/horoscopephotography.maat-artio.at\/wp-content\/uploads\/2019\/01\/mond.jpg 397w, https:\/\/horoscopephotography.maat-artio.at\/wp-content\/uploads\/2019\/01\/mond-150x150.jpg 150w, https:\/\/horoscopephotography.maat-artio.at\/wp-content\/uploads\/2019\/01\/mond-298x300.jpg 298w\" sizes=\"auto, (max-width: 397px) 85vw, 397px\" \/><\/figure><div class=\"wp-block-media-text__content\">\n<ul class=\"wp-block-list\"><li class=\" translation-block\">Die Kraft des Mondes beschreibt unsere Gef\u00fchle<\/li><\/ul>\n<\/div><\/div>\n\n\n\n<div class=\"wp-block-media-text alignwide is-stacked-on-mobile\" style=\"grid-template-columns:25% auto\"><figure class=\"wp-block-media-text__media\"><img loading=\"lazy\" decoding=\"async\" width=\"446\" height=\"443\" src=\"http:\/\/horoscopephotography.maat-artio.at\/wp-content\/uploads\/2019\/01\/mercuy.jpg\" alt=\"\" class=\"wp-image-301\" srcset=\"https:\/\/horoscopephotography.maat-artio.at\/wp-content\/uploads\/2019\/01\/mercuy.jpg 446w, https:\/\/horoscopephotography.maat-artio.at\/wp-content\/uploads\/2019\/01\/mercuy-150x150.jpg 150w, https:\/\/horoscopephotography.maat-artio.at\/wp-content\/uploads\/2019\/01\/mercuy-300x298.jpg 300w\" sizes=\"auto, (max-width: 446px) 85vw, 446px\" \/><\/figure><div class=\"wp-block-media-text__content\">\n<ul class=\"wp-block-list\"><li class=\" translation-block\">Die Kraft von Merkur pr\u00e4gt unser Denken und Lernen.<\/li><\/ul>\n<\/div><\/div>\n\n\n\n<div class=\"wp-block-media-text alignwide is-stacked-on-mobile\" style=\"grid-template-columns:25% auto\"><figure class=\"wp-block-media-text__media\"><img loading=\"lazy\" decoding=\"async\" width=\"408\" height=\"404\" src=\"http:\/\/horoscopephotography.maat-artio.at\/wp-content\/uploads\/2019\/01\/venus.jpg\" alt=\"\" class=\"wp-image-304\" srcset=\"https:\/\/horoscopephotography.maat-artio.at\/wp-content\/uploads\/2019\/01\/venus.jpg 408w, https:\/\/horoscopephotography.maat-artio.at\/wp-content\/uploads\/2019\/01\/venus-150x150.jpg 150w, https:\/\/horoscopephotography.maat-artio.at\/wp-content\/uploads\/2019\/01\/venus-300x297.jpg 300w\" sizes=\"auto, (max-width: 408px) 85vw, 408px\" \/><\/figure><div class=\"wp-block-media-text__content\">\n<ul class=\"wp-block-list\"><li class=\" translation-block\">Die Kraft von Venus l\u00e4sst uns das Sch\u00f6ne erkennen.<\/li><\/ul>\n<\/div><\/div>\n\n\n\n<div class=\"wp-block-media-text alignwide is-stacked-on-mobile\" style=\"grid-template-columns:25% auto\"><figure class=\"wp-block-media-text__media\"><img loading=\"lazy\" decoding=\"async\" width=\"455\" height=\"443\" src=\"http:\/\/horoscopephotography.maat-artio.at\/wp-content\/uploads\/2019\/01\/mars.jpg\" alt=\"\" class=\"wp-image-307\" srcset=\"https:\/\/horoscopephotography.maat-artio.at\/wp-content\/uploads\/2019\/01\/mars.jpg 455w, https:\/\/horoscopephotography.maat-artio.at\/wp-content\/uploads\/2019\/01\/mars-300x292.jpg 300w\" sizes=\"auto, (max-width: 455px) 85vw, 455px\" \/><\/figure><div class=\"wp-block-media-text__content\">\n<ul class=\"wp-block-list\"><li class=\" translation-block\">Die Kraft von Mars zeigt uns f\u00fcr was es sich lohnt uns einzusetzen.<\/li><\/ul>\n<\/div><\/div>\n\n\n\n<div class=\"wp-block-media-text alignwide is-stacked-on-mobile\" style=\"grid-template-columns:25% auto\"><figure class=\"wp-block-media-text__media\"><img loading=\"lazy\" decoding=\"async\" width=\"970\" height=\"907\" src=\"http:\/\/horoscopephotography.maat-artio.at\/wp-content\/uploads\/2019\/01\/jupiter.jpg\" alt=\"\" class=\"wp-image-309\" srcset=\"https:\/\/horoscopephotography.maat-artio.at\/wp-content\/uploads\/2019\/01\/jupiter.jpg 970w, https:\/\/horoscopephotography.maat-artio.at\/wp-content\/uploads\/2019\/01\/jupiter-300x281.jpg 300w, https:\/\/horoscopephotography.maat-artio.at\/wp-content\/uploads\/2019\/01\/jupiter-768x718.jpg 768w\" sizes=\"auto, (max-width: 709px) 85vw, (max-width: 909px) 67vw, (max-width: 1362px) 62vw, 840px\" \/><\/figure><div class=\"wp-block-media-text__content\">\n<ul class=\"wp-block-list\"><li class=\" translation-block\">Die Kraft von Jupiter entspricht unserer M\u00f6glichkeiten zu wachsen.<\/li><\/ul>\n<\/div><\/div>\n\n\n\n<div class=\"wp-block-media-text alignwide is-stacked-on-mobile\" style=\"grid-template-columns:25% auto\"><figure class=\"wp-block-media-text__media\"><img loading=\"lazy\" decoding=\"async\" width=\"320\" height=\"330\" src=\"http:\/\/horoscopephotography.maat-artio.at\/wp-content\/uploads\/2019\/01\/saturn.jpg\" alt=\"\" class=\"wp-image-313\" srcset=\"https:\/\/horoscopephotography.maat-artio.at\/wp-content\/uploads\/2019\/01\/saturn.jpg 320w, https:\/\/horoscopephotography.maat-artio.at\/wp-content\/uploads\/2019\/01\/saturn-291x300.jpg 291w\" sizes=\"auto, (max-width: 320px) 85vw, 320px\" \/><\/figure><div class=\"wp-block-media-text__content\">\n<ul class=\"wp-block-list\"><li class=\" translation-block\">Die Kraft von Saturn l\u00e4sst uns Erreichtes nach seiner Best\u00e4ndigkeit pr\u00fcfen.<\/li><\/ul>\n<\/div><\/div>\n\n\n\n<div class=\"wp-block-media-text alignwide is-stacked-on-mobile\" style=\"grid-template-columns:25% auto\"><figure class=\"wp-block-media-text__media\"><img loading=\"lazy\" decoding=\"async\" width=\"300\" height=\"299\" src=\"http:\/\/horoscopephotography.maat-artio.at\/wp-content\/uploads\/2019\/01\/uranus.jpg\" alt=\"\" class=\"wp-image-316\" srcset=\"https:\/\/horoscopephotography.maat-artio.at\/wp-content\/uploads\/2019\/01\/uranus.jpg 300w, https:\/\/horoscopephotography.maat-artio.at\/wp-content\/uploads\/2019\/01\/uranus-150x150.jpg 150w\" sizes=\"auto, (max-width: 300px) 85vw, 300px\" \/><\/figure><div class=\"wp-block-media-text__content\">\n<ul class=\"wp-block-list\"><li class=\" translation-block\">Die Kraft von Uranus verschafft uns den notwendigen \u00dcberblick und Voraussicht.<\/li><\/ul>\n<\/div><\/div>\n\n\n\n<div class=\"wp-block-media-text alignwide is-stacked-on-mobile\" style=\"grid-template-columns:25% auto\"><figure class=\"wp-block-media-text__media\"><img loading=\"lazy\" decoding=\"async\" width=\"339\" height=\"343\" src=\"http:\/\/horoscopephotography.maat-artio.at\/wp-content\/uploads\/2019\/01\/pluto.jpg\" alt=\"\" class=\"wp-image-320\" srcset=\"https:\/\/horoscopephotography.maat-artio.at\/wp-content\/uploads\/2019\/01\/pluto.jpg 339w, https:\/\/horoscopephotography.maat-artio.at\/wp-content\/uploads\/2019\/01\/pluto-297x300.jpg 297w\" sizes=\"auto, (max-width: 339px) 85vw, 339px\" \/><\/figure><div class=\"wp-block-media-text__content\">\n<ul class=\"wp-block-list\"><li class=\" translation-block\">Die Kraft von Pluto schenkt uns die Entschlossenheit loszulassen und zu ver\u00e4ndern.<\/li><\/ul>\n<\/div><\/div>\n\n\n\n<div class=\"wp-block-media-text alignwide is-stacked-on-mobile\" style=\"grid-template-columns:25% auto\"><figure class=\"wp-block-media-text__media\"><img loading=\"lazy\" decoding=\"async\" width=\"322\" height=\"323\" src=\"http:\/\/horoscopephotography.maat-artio.at\/wp-content\/uploads\/2019\/01\/neptune.jpg\" alt=\"\" class=\"wp-image-322\" srcset=\"https:\/\/horoscopephotography.maat-artio.at\/wp-content\/uploads\/2019\/01\/neptune.jpg 322w, https:\/\/horoscopephotography.maat-artio.at\/wp-content\/uploads\/2019\/01\/neptune-150x150.jpg 150w, https:\/\/horoscopephotography.maat-artio.at\/wp-content\/uploads\/2019\/01\/neptune-300x300.jpg 300w\" sizes=\"auto, (max-width: 322px) 85vw, 322px\" \/><\/figure><div class=\"wp-block-media-text__content\">\n<ul class=\"wp-block-list\"><li class=\" translation-block\">Die Kraft von Neptun l\u00e4sst uns den Schleier durch unsere Intuition l\u00fcften.<\/li><\/ul>\n<\/div><\/div>\n\n\n\n<div class=\"wp-block-media-text alignwide is-stacked-on-mobile\" style=\"grid-template-columns:25% auto\"><figure class=\"wp-block-media-text__media\"><img loading=\"lazy\" decoding=\"async\" width=\"407\" height=\"402\" src=\"http:\/\/horoscopephotography.maat-artio.at\/wp-content\/uploads\/2019\/01\/lilith.jpg\" alt=\"\" class=\"wp-image-324\" srcset=\"https:\/\/horoscopephotography.maat-artio.at\/wp-content\/uploads\/2019\/01\/lilith.jpg 407w, https:\/\/horoscopephotography.maat-artio.at\/wp-content\/uploads\/2019\/01\/lilith-300x296.jpg 300w\" sizes=\"auto, (max-width: 407px) 85vw, 407px\" \/><\/figure><div class=\"wp-block-media-text__content\">\n<ul class=\"wp-block-list\"><li class=\" translation-block\">Die Kraft von Lilith enttabuisiert Verdr\u00e4ngtes.<\/li><\/ul>\n<\/div><\/div>\n\n\n\n<div class=\"wp-block-media-text alignwide is-stacked-on-mobile\" style=\"grid-template-columns:25% auto\"><figure class=\"wp-block-media-text__media\"><img loading=\"lazy\" decoding=\"async\" width=\"415\" height=\"421\" src=\"http:\/\/horoscopephotography.maat-artio.at\/wp-content\/uploads\/2019\/01\/chiron.jpg\" alt=\"\" class=\"wp-image-327\" srcset=\"https:\/\/horoscopephotography.maat-artio.at\/wp-content\/uploads\/2019\/01\/chiron.jpg 415w, https:\/\/horoscopephotography.maat-artio.at\/wp-content\/uploads\/2019\/01\/chiron-296x300.jpg 296w\" sizes=\"auto, (max-width: 415px) 85vw, 415px\" \/><\/figure><div class=\"wp-block-media-text__content\">\n<ul class=\"wp-block-list\"><li class=\" translation-block\">Die Kraft von Chiron f\u00fchrt uns durch die innere Heilung.<\/li><\/ul>\n<\/div><\/div>","protected":false},"excerpt":{"rendered":"<p>The power of the sun determines our being in this world. The power of the moon describes our feelings. The power of Mercury shapes our thinking and learning. The power of Venus makes us realize the beauty of life. The power of Mars shows what we want to fight and stand up for. The power &hellip; <a href=\"https:\/\/horoscopephotography.maat-artio.at\/de\/\" class=\"more-link\"><span class=\"screen-reader-text\">&#8222;home&#8220; <\/span>weiterlesen<\/a><\/p>","protected":false},"author":1,"featured_media":0,"parent":0,"menu_order":0,"comment_status":"closed","ping_status":"closed","template":"","meta":{"_mi_skip_tracking":false,"_exactmetrics_sitenote_active":false,"_exactmetrics_sitenote_note":"","_exactmetrics_sitenote_category":0,"footnotes":""},"class_list":["post-16","page","type-page","status-publish","hentry"],"_links":{"self":[{"href":"https:\/\/horoscopephotography.maat-artio.at\/de\/wp-json\/wp\/v2\/pages\/16","targetHints":{"allow":["GET"]}}],"collection":[{"href":"https:\/\/horoscopephotography.maat-artio.at\/de\/wp-json\/wp\/v2\/pages"}],"about":[{"href":"https:\/\/horoscopephotography.maat-artio.at\/de\/wp-json\/wp\/v2\/types\/page"}],"author":[{"embeddable":true,"href":"https:\/\/horoscopephotography.maat-artio.at\/de\/wp-json\/wp\/v2\/users\/1"}],"replies":[{"embeddable":true,"href":"https:\/\/horoscopephotography.maat-artio.at\/de\/wp-json\/wp\/v2\/comments?post=16"}],"version-history":[{"count":74,"href":"https:\/\/horoscopephotography.maat-artio.at\/de\/wp-json\/wp\/v2\/pages\/16\/revisions"}],"predecessor-version":[{"id":889,"href":"https:\/\/horoscopephotography.maat-artio.at\/de\/wp-json\/wp\/v2\/pages\/16\/revisions\/889"}],"wp:attachment":[{"href":"https:\/\/horoscopephotography.maat-artio.at\/de\/wp-json\/wp\/v2\/media?parent=16"}],"curies":[{"name":"wp","href":"https:\/\/api.w.org\/{rel}","templated":true}]}}