{"id":211,"date":"2019-01-01T21:05:34","date_gmt":"2019-01-01T21:05:34","guid":{"rendered":"http:\/\/horoscopephotography.maat-artio.at\/?page_id=211"},"modified":"2020-06-19T12:44:38","modified_gmt":"2020-06-19T12:44:38","slug":"horoscope-i","status":"publish","type":"page","link":"https:\/\/horoscopephotography.maat-artio.at\/de\/horoscope-i\/","title":{"rendered":"Horoskop I"},"content":{"rendered":"<figure class=\"wp-block-image\"><img loading=\"lazy\" decoding=\"async\" width=\"850\" height=\"529\" src=\"http:\/\/horoscopephotography.maat-artio.at\/wp-content\/uploads\/2019\/01\/Helga-Knirsch-symbolbild-horoskop_2018-e1546347474101.jpg\" alt=\"Aquarius dominates the events with Sun, Moon, Mercury and Venus. But to succeed in the life plan and its implementation, it requires the development of Scorpio by the power of Neptune and Jupiter. The Uranic and Plutonic past must be viewed and integrated.\" class=\"wp-image-189\"\/><figcaption>Wassermann beherrscht die Ereignisse mit Sonne, Mond, Merkur und Venus. Aber um den Lebensplan und seine Umsetzung erfolgreich zu gestalten, bedarf es der Entwicklung von Skorpion durch die Macht von Neptun und Jupiter. Die uranische und plutonische Vergangenheit muss betrachtet und integriert werden.<\/figcaption><\/figure>\n\n\n\n<p><strong>Textauszug:<\/strong> <strong>Pers\u00f6nlichkeitshoroskop<\/strong><\/p>\n\n\n\n<p><strong><em>Lebensmotto: \u201eSelbstheilung... durch Kreativit\u00e4t\u201c <\/em><\/strong><\/p>\n\n\n\n<p class=\" translation-block\"><em>(...) <strong>Sonne<\/strong> im Wassermann im 11. Haus. Hier steht das Haus im eigenen Zeichen. Wassermann und das 11. Haus repr\u00e4sentiert die Werte der Gesellschaft und soziale Entwicklungen an sich. Wassermann der Revolution\u00e4r, der Vision\u00e4r beherbergt die Sonne, das Lebensprinzip und Dein sein in dieser Welt. Die Sonne steht allerdings nicht alleine in dem Haus und Zeichen, sondern hat Gesellschaft von Chiron, dem inneren Heiler, vom Mond, der die Gef\u00fchle regiert und von Merkur, der das Denken und die Rationalit\u00e4t aufzeigt. All diese Planeten stehen im Wassermann im 11. Haus und die letzten 3 sogar in Konjunktion zueinander, was bedeutet, das ihr Wirken als gemeinsames verstanden und interpretiert werden muss. Die Sonne, die das eigene Wesen zeigt in Verbindung mit der intensiven Kraft von Heilung, Emotion und Denken, sagt, \u201eich will im Denken und F\u00fchlen heil sein\u201c sowie durch mein Denken und F\u00fchlen Heilung finden, da wir nie passiv sind, sondern aktive Wesen. Im Wassermann bedeutet diese Aufgabe, sich h\u00f6heren gesellschaftlichen Werten zu zu wenden und sich f\u00fcr diese einzusetzen. (...)<\/p>\n\n\n\n<p class=\" translation-block\"><em>(...) <strong> Mars <\/strong> im 9. Haus deutet auf eine Motivation und Antriebskraft hin, die von Leidenschaft und Spiritualit\u00e4t getragen wird. Mars im Sextil zur Konstellation des aufsteigenden Mondknotens, also zu der Entwicklung Deiner Lebensaufgabe, unterst\u00fctzt diese in positiver bewegter Weise. Er bringt Bewegung ins Geschehen und die n\u00f6tige Motivation die Lebensaufgabe zu meistern. Sein Trigon zu Pluto, der Deine Sonne als Transformator zur Evolution \u201ezwingt\u201c, unterst\u00fctzt nochmal Dein starkes Bed\u00fcrfnis, Dich kreativ zu \u00e4u\u00dfern. Dazu streift diese Konstellation Deinen Deszendenten, was Deine innere \u00dcbereinstimmung mit diesem Plan unterst\u00fctzt. So f\u00fchrt die innere Haltung zum \u00e4u\u00dferen Ergebnis. Neptun in dieser Verbindung verschafft Dir die n\u00f6tige Inspiration und Intuition, was f\u00fcr k\u00fcnstlerisch kreative Ausdrucksformen bereichernd sein kann. Andererseits ist Neptun immer auch der Nebelbringer und verschleiert scheinbar offensichtliches. Vor allem ist er dem Verstand nicht zug\u00e4nglich und kann bei sehr verstandes-betonten Menschen zum ewigen Verhinderer ihrer Tr\u00e4ume und Ziele f\u00fchren. Allerdings winkt ja Jupiter hier in Konjunktion als Gl\u00fccksbringen und F\u00f6rderer f\u00fcr eine erfolgreiche Umsetzung. (...)<\/p>\n\n\n\n<p><strong>Textauszug<\/strong> <strong><em><strong>Horoskop der Pers\u00f6nlichen Potentiale <\/strong>of your <strong>own potential<\/strong><\/em><\/strong><\/p>\n\n\n\n<p class=\" translation-block\"><em> (...) Einerseits die vision\u00e4re Aufgabe im Wassermann und ihr gesellschaftlicher Auftrag und andererseits die transformatorische Kraft von Pluto im 5. Haus. \u00dcbersetzt: <strong>\u201eKreativit\u00e4t, Kunst wandelt mich und \u00e4ndert mein Wesen\u201c<\/strong>. Pluto treibt aber auch Deine innere Transformation und Entwicklung in diesem Leben und so die Planetenkonstellation auf Deinem Deszendenten, Neptun und Jupiter im Skorpion an. (...)<\/p>\n\n\n\n<p class=\" translation-block\"><em> (...) Deine Lebensaufgaben ist die tiefe Transformation und Heilung Deines Wesens. Dies dr\u00fcckt sowohl die Pluto Sonnen Opposition aus, als auch die vorher beschriebene Konstellation, Neptun Jupiter und Mondknoten im Skorpion, die ebenfalls unter dem Prinzip der Transformation wirken. Die Entwicklung Deiner Intuition sowie Deiner Zufriedenheit mit Dir selbst wird Dir auf diesem Weg helfen. Das <strong> Mittel ist die Kreativit\u00e4t als Talent <\/strong>und diese f\u00fcr die Gesellschaft und in der \u00d6ffentlichkeit ein bzw. umzusetzen. Es sind die sch\u00f6nen K\u00fcnste,mit Venus im 10. Haus, die Deine Berufung darstellen. (...)<\/p>\n\n\n\n<p><strong>Textauszug <strong><em>Aktuelle Zeitqualit\u00e4t f\u00fcr ein Jahr<\/em><\/strong><\/strong><\/p>\n\n\n\n<p><strong><em>H\u00f6here Eingebungen<\/em><\/strong><\/p>\n\n\n\n<p class=\" translation-block\">Uranus Opposition Neptun und Aufsteigender Mondknoten: (...) was soviel bedeutet wie, dass  <strong> Du Dein Verst\u00e4ndnis f\u00fcr Kunst und Kreativit\u00e4t ver\u00e4ndern und erweitern kannst. <\/strong> Du bist jetzt sozusagen f\u00e4hig die Dimensionen des sch\u00f6pferischen k\u00fcnstlerischen Schaffens aus einer h\u00f6heren Perspektive zu erkennen und f\u00fcr Dich zu bewerten. (...) <br>\n\n<br> (...) Dies kann sogar dazu f\u00fchren, dass es in diesen Momenten etwas Angst macht, weil die Frage entsteht, wie soll ich mit all dem, was ich nun begreife und erschaffen m\u00f6chte, in meinem Leben und in dieser Welt zurecht kommen? <br>\n\n<br>Aber es geh\u00f6rt eben auch zu Deinem Lebensziel und Bestimmung Dich mit diesen Erkenntnissen auseinanderzusetzen und Deine Tr\u00e4ume in die Realit\u00e4t umzusetzen. Uranus ist auch der Herrscher der gesellschaftlichen Ereignisse und der Wissenschaft, der Erneuerer. Also  <strong> sollen diese Erkenntnisse auch der Gesellschaft n\u00e4her gebracht werden, um Neues in diese Welt zu bringen. <\/strong> (...)<\/p>\n\n\n\n<p><strong><em>Das eigene Selbst ein St\u00fcck preis geben<\/em><\/strong><\/p>\n\n\n\n<p class=\" translation-block\">Uranus Quadrat Uranus: (...) \nHier stehen offene Fragen <strong>Deiner Rolle in der Gesellschaft, <\/strong> Deinen Freunden und Bekannten gegen\u00fcber und Deine Anpassung an gesellschaftliche Erwartungen, die f\u00fcr Dich eher hinderlich in Deiner Entwicklung als Mensch sind. (...) <br>\n\n<br>(...) Du solltest nun Deine privaten  <strong>Erfahrungen \u00fcber Deine kreativen Potentiale Deines k\u00fcnstlerischen Schaffens einer breiteren \u00d6ffentlichkeit zug\u00e4nglich machen.  <\/strong> Vielleicht hast Du mit diesem Vorhaben lange gez\u00f6gert, weil es nicht einfach ist, sich zu zeigen. Aber denke an all die ber\u00fchmten K\u00fcnstlerInnen deren Kunst immer einen gro\u00dfen Teil ihres inneren Wesens mit preisgegeben hat. (...)<\/p>","protected":false},"excerpt":{"rendered":"<p>Excerpt: Personality Horoscope Life motto: &#8220;self-healing &#8230; through creativity&#8221; (&#8230;) Sun in Aquarius in the 11th house. Here is the house in its own sign. Aquarius and the 11th House represent the values \u200b\u200bof society and social developments in themselves. Aquarius the revolutionary, the visionary harbors the sun, the life principle and your being in &hellip; <a href=\"https:\/\/horoscopephotography.maat-artio.at\/de\/horoscope-i\/\" class=\"more-link\"><span class=\"screen-reader-text\">&#8222;horoscope I&#8220; <\/span>weiterlesen<\/a><\/p>","protected":false},"author":1,"featured_media":0,"parent":0,"menu_order":0,"comment_status":"closed","ping_status":"closed","template":"","meta":{"_mi_skip_tracking":false,"_exactmetrics_sitenote_active":false,"_exactmetrics_sitenote_note":"","_exactmetrics_sitenote_category":0,"footnotes":""},"class_list":["post-211","page","type-page","status-publish","hentry"],"_links":{"self":[{"href":"https:\/\/horoscopephotography.maat-artio.at\/de\/wp-json\/wp\/v2\/pages\/211","targetHints":{"allow":["GET"]}}],"collection":[{"href":"https:\/\/horoscopephotography.maat-artio.at\/de\/wp-json\/wp\/v2\/pages"}],"about":[{"href":"https:\/\/horoscopephotography.maat-artio.at\/de\/wp-json\/wp\/v2\/types\/page"}],"author":[{"embeddable":true,"href":"https:\/\/horoscopephotography.maat-artio.at\/de\/wp-json\/wp\/v2\/users\/1"}],"replies":[{"embeddable":true,"href":"https:\/\/horoscopephotography.maat-artio.at\/de\/wp-json\/wp\/v2\/comments?post=211"}],"version-history":[{"count":20,"href":"https:\/\/horoscopephotography.maat-artio.at\/de\/wp-json\/wp\/v2\/pages\/211\/revisions"}],"predecessor-version":[{"id":909,"href":"https:\/\/horoscopephotography.maat-artio.at\/de\/wp-json\/wp\/v2\/pages\/211\/revisions\/909"}],"wp:attachment":[{"href":"https:\/\/horoscopephotography.maat-artio.at\/de\/wp-json\/wp\/v2\/media?parent=211"}],"curies":[{"name":"wp","href":"https:\/\/api.w.org\/{rel}","templated":true}]}}