{"id":221,"date":"2019-01-01T22:11:19","date_gmt":"2019-01-01T22:11:19","guid":{"rendered":"http:\/\/horoscopephotography.maat-artio.at\/?page_id=221"},"modified":"2020-06-19T12:08:55","modified_gmt":"2020-06-19T12:08:55","slug":"horoscope-ii","status":"publish","type":"page","link":"https:\/\/horoscopephotography.maat-artio.at\/de\/horoscope-ii\/","title":{"rendered":"Horoskop II"},"content":{"rendered":"<figure class=\"wp-block-image\"><img loading=\"lazy\" decoding=\"async\" width=\"850\" height=\"565\" src=\"http:\/\/horoscopephotography.maat-artio.at\/wp-content\/uploads\/2018\/11\/symbol-picture-2018.jpg\" alt=\"\" class=\"wp-image-22\" srcset=\"https:\/\/horoscopephotography.maat-artio.at\/wp-content\/uploads\/2018\/11\/symbol-picture-2018.jpg 850w, https:\/\/horoscopephotography.maat-artio.at\/wp-content\/uploads\/2018\/11\/symbol-picture-2018-300x199.jpg 300w, https:\/\/horoscopephotography.maat-artio.at\/wp-content\/uploads\/2018\/11\/symbol-picture-2018-768x510.jpg 768w, https:\/\/horoscopephotography.maat-artio.at\/wp-content\/uploads\/2018\/11\/symbol-picture-2018-400x266.jpg 400w\" sizes=\"auto, (max-width: 709px) 85vw, (max-width: 909px) 67vw, (max-width: 1362px) 62vw, 840px\" \/><figcaption> <br>Die Schwierigkeit zu dem Bed\u00fcrfnis Deines Wesens, repr\u00e4sentiert durch Sonne im Wassermann zu stehen, liegt im Spannungsaspekt, Quadrat, zu Deinem stark positionierten Mars im Stier. Diese beiden Kr\u00e4fte in Einklang zu bringen, ist eine Lebensaufgabe. Das Sicherheitsbed\u00fcrfnis muss mit dem des Wagnisses in Einklang gebracht werden, um Deinen Lebensplan umzusetzen. Dieser scheinbare Widerspruch wird mit der Energie von Uranus in der Waage ausgeglichen. <\/figcaption><\/figure>\n\n\n\n<p><strong>Textauszug: Pers\u00f6nlichkeitshoroskop<\/strong><\/p>\n\n\n\n<p><em><strong>Lebensmotto: \u201eSicherheit mit Wagnis zu vereinbaren\u201c <\/strong><\/em><\/p>\n\n\n\n<p class=\" translation-block\"><em>(...) <strong>Dein Aszendent<\/strong> steht im Stier und gibt Dir dadurch ein sehr bodenst\u00e4ndiges und realistisches \u00e4u\u00dferes Auftreten mit den Schwierigkeiten im Leben umzugehen. Gleich dem Stier im Walt Disney Film, der nur die sch\u00f6ne Seite des Lebens sieht und sehen will, der auf seiner Blumenwiese sitzt, an Blumen riecht und vertr\u00e4umt in die Welt hinaus sieht, m\u00f6chtest Du die lieblichen Dinge im Leben sehen.\nDie Kehrseite wird Dir \u00fcber Deinen Deszendenten bewusst, der Dein inneres Wesen ausdr\u00fcckt. Er steht im vis a vis Zeichen, im Skorpion und wird unterst\u00fctzt durch Uranus in Konjunktion. Diese Kraft l\u00e4sst Dich mutig, tief und unverbl\u00fcmt, weitsichtig auf die Herausforderungen des Lebens blicken und gibt Dir den inneren Halt, revolution\u00e4r und ver\u00e4nderungsbewusst zu denken, auch wenn der Stier oberfl\u00e4chlich gesehen, nur die Dotterblumen riechen m\u00f6chte. (...)<\/p>\n\n\n\n<p class=\" translation-block\"><em>(...) Unterst\u00fctzung bekommt Dein <strong>Mars<\/strong> im Stier vom Mond in der Jungfrau im 6. Haus, das Haus der t\u00e4glichen Arbeit und der Dinge um uns herum, wie auch die n\u00e4chsten menschlichen Beziehungen in diesem Zusammenhang. Dieses Haus wird auch noch vom Generationenplaneten Pluto bewohnt, allerdings bereits in der Waage und von Uranus. Der Mond in der Jungfrau sorgt f\u00fcr emotionale Ordnung f\u00fcr die kleinen Dinge im Leben und das Bed\u00fcrfnis nach geordneten Verh\u00e4ltnissen. Es bedeutet auch, dass alles Handeln genau und detailliert mit Deinen Gef\u00fchlen unterst\u00fctzt \u00fcbereinstimmt und ruhig und bodenst\u00e4ndig ist, Jungfrau und Stier sind beides Erdzeichen und die Planeten in ihnen st\u00e4rken die Qualit\u00e4t der Ruhe, Best\u00e4ndigkeit und Ausdauer. Ebenso Venus und Lillith im Steinbock geh\u00f6ren zu dieser Kraft der Stabilit\u00e4t. Insofern wird Dein Berufsleben auf eine sehr pragmatische Ebene gehoben und Du bleibst Realistin, was Deine Berufsziele betrifft. (...)<\/p>\n\n\n\n<p><strong>Exerpt: Horoscope of<\/strong> your <strong>own potential<\/strong><\/p>\n\n\n\n<p class=\" translation-block\"><em>(...) Die eigenen St\u00e4rken, durch Stier im ersten Haus und Mars als Planet der Tiefe, Transformation aber auch des konkreten Handelns, sind sinnlich, k\u00f6rperliche Kompetenzen in einer sehr extrovertierten Form einen Ausdruck zu geben. Durch diese T\u00e4tigkeit wird die eigene Pers\u00f6nlichkeit einer Transformation durch Tiefe unterworfen. (...9<\/p>\n\n\n\n<p class=\" translation-block\"><em> (...) Mars im ersten Haus \u2013 Venus\/Lillith im 10. Haus \u2013 Mond in der Jungfrau im 6. Haus in einem Beruf, der einen emotionalen, sinnlichen Selbstausdruck und eine starke weibliche Repr\u00e4sentation beinhalten muss. Mit Deinen mitgebrachten Qualit\u00e4ten in der Kommunikation, aber auch in Deinen zu entwickelnden in der Spiritualit\u00e4t. Die Schwierigkeit zu dem Bed\u00fcrfnis Deines Wesens, repr\u00e4sentiert durch Sonne im Wassermann zu stehen, liegt im Spannungsaspekt, Quadrat, zu Deinem stark positionierten Mars im Stier. Diese beiden Kr\u00e4fte in Einklang zu bringen, ist eine Lebensaufgabe. (...)<\/p>\n\n\n\n<p><strong>Textauszug <em>Aktuelle Zeitqualit\u00e4t f\u00fcr ein Jahr<\/em><\/strong><\/p>\n\n\n\n<p class=\" translation-block\"><em>(...) Pluto im Steinbock im 10. Haus, Haus der Berufung sorgt f\u00fcr tiefgehende Ver\u00e4nderungen im Berufsleben, welche sich auf mehrere Jahre zeihen kann, da dieser ein langsamer und gr\u00fcndlicher Planet im System ist. Er ist auch ein Generationenplanet, der eine ganze Generation und deren Haltung zu den Themen der Zeichen setzt. In diesem Fall betrifft es die gesellschaftlichen Strukturen, die er transformieren wird und nat\u00fcrlich auch schon seit einigen Jahren beeinflusst. Bei Dir ist es der Bereich des Berufes, der gewandelt wird, ob Du willst oder nicht. (...)<\/p>\n\n\n\n<p class=\" translation-block\"><em>(...) Dazu kommt noch Saturn, der sich ebenfalls ein paar Jahre durch den Steinbock, sein eigenes Zeichen, bewegt und hier alles gr\u00fcndlich nach Bestand pr\u00fcft. Was bedeutet, dass alles f\u00fcr eine Ver\u00e4nderung in Erw\u00e4gung gezogene auch auf seinen Gehalt und Wahrhaftigkeit \u00fcberpr\u00fcft wird und nur was authentisch ist wird Bestand haben. Alles andere wird aufgegeben werden m\u00fcssen. Deswegen ist es einerseits wichtig Ver\u00e4nderungen einzugehen, diese aber gleichzeitig auf ihren Bestand zu pr\u00fcfen. (...)<\/p>\n\n\n\n<p class=\" translation-block\"><em> (...) Nun ist Neptun ebenfalls in seinem Haus, was seine Kraft f\u00fcr Intuition st\u00e4rkt, andererseits nicht so offen ist f\u00fcr Rationalit\u00e4t wie die Kraft des Merkur. So ist es f\u00fcr Dich eine Herausforderung, kann aber auch eine Unterst\u00fctzung sein, Deine \u00dcberlegungen mehr der Intuition zu \u00fcberlassen, als den harten Fakten, die auch nicht immer zu einem befriedigenden Resultat f\u00fchren. (...)<\/p>","protected":false},"excerpt":{"rendered":"<p>Exerpt: Personality Horoscope Life motto: &#8220;To combine safety with risk&#8221; (&#8230;) Your ascendant is in the bull, giving you a very down-to-earth and realistic outward appearance to deal with the difficulties in life. Like the bull in the Walt Disney movie, who just wants to see and see the beautiful side of life, sitting on &hellip; <a href=\"https:\/\/horoscopephotography.maat-artio.at\/de\/horoscope-ii\/\" class=\"more-link\"><span class=\"screen-reader-text\">&#8222;horoscope II&#8220; <\/span>weiterlesen<\/a><\/p>","protected":false},"author":1,"featured_media":0,"parent":0,"menu_order":0,"comment_status":"closed","ping_status":"closed","template":"","meta":{"_mi_skip_tracking":false,"_exactmetrics_sitenote_active":false,"_exactmetrics_sitenote_note":"","_exactmetrics_sitenote_category":0,"footnotes":""},"class_list":["post-221","page","type-page","status-publish","hentry"],"_links":{"self":[{"href":"https:\/\/horoscopephotography.maat-artio.at\/de\/wp-json\/wp\/v2\/pages\/221","targetHints":{"allow":["GET"]}}],"collection":[{"href":"https:\/\/horoscopephotography.maat-artio.at\/de\/wp-json\/wp\/v2\/pages"}],"about":[{"href":"https:\/\/horoscopephotography.maat-artio.at\/de\/wp-json\/wp\/v2\/types\/page"}],"author":[{"embeddable":true,"href":"https:\/\/horoscopephotography.maat-artio.at\/de\/wp-json\/wp\/v2\/users\/1"}],"replies":[{"embeddable":true,"href":"https:\/\/horoscopephotography.maat-artio.at\/de\/wp-json\/wp\/v2\/comments?post=221"}],"version-history":[{"count":18,"href":"https:\/\/horoscopephotography.maat-artio.at\/de\/wp-json\/wp\/v2\/pages\/221\/revisions"}],"predecessor-version":[{"id":901,"href":"https:\/\/horoscopephotography.maat-artio.at\/de\/wp-json\/wp\/v2\/pages\/221\/revisions\/901"}],"wp:attachment":[{"href":"https:\/\/horoscopephotography.maat-artio.at\/de\/wp-json\/wp\/v2\/media?parent=221"}],"curies":[{"name":"wp","href":"https:\/\/api.w.org\/{rel}","templated":true}]}}