{"id":507,"date":"2019-01-20T10:45:01","date_gmt":"2019-01-20T10:45:01","guid":{"rendered":"http:\/\/horoscopephotography.maat-artio.at\/?page_id=507"},"modified":"2020-06-19T13:33:40","modified_gmt":"2020-06-19T13:33:40","slug":"offers","status":"publish","type":"page","link":"https:\/\/horoscopephotography.maat-artio.at\/de\/offers\/","title":{"rendered":"Angebote"},"content":{"rendered":"<div class=\"wp-block-cover has-background-dim-20 has-background-dim\" style=\"background-image:url(http:\/\/horoscopephotography.maat-artio.at\/wp-content\/uploads\/2019\/01\/offers-web.jpg)\"><div class=\"wp-block-cover__inner-container is-layout-flow wp-block-cover-is-layout-flow\">\n<p class=\"has-text-align-center has-large-font-size\">Angebote f\u00fcr Sie<\/p>\n<\/div><\/div>\n\n\n\n<p class=\"has-background has-yellow-background-color translation-block\">Bei meinen Angeboten m\u00f6chte ich f\u00fcr Sie die <strong>Einzigartigkeit Ihrer Pers\u00f6nlichkeit <\/strong>ausdr\u00fccken, Ihnen vermitteln und Ihnen <strong>Mut f\u00fcr Ihre Vorhaben<\/strong> im Leben machen. Da ich auch als Kompetenztrainerin arbeite, wei\u00df ich, wie wichtig es ist, seine<strong> eigenen Potentiale<\/strong> zu erkennen und f\u00fcr den eigenen Lebensweg einzusetzen.In meiner langj\u00e4hrigen T\u00e4tigkeit konnte ich sehr vielen Menschen helfen, den Sprung in die <strong>eigene Bestimmung <\/strong>zu wagen.<\/p>\n\n\n\n<p><a href=\"https:\/\/horoscopephotography.maat-artio.at\/de\/examples\/\">hier geht es zu Beispielen<\/a><\/p>\n\n\n\n<p class=\"has-background has-light-gray-background-color translation-block\">-&gt; <strong>Alle Teile des Horoskoptextes werden von mir pers\u00f6nlich<\/strong>, ohne ein automatisches Astrologie-Computerprogramm, <strong>interpretiert und beschrieben<\/strong>.\nInfolgedessen werden Planetenkonstellationen, die getrennt voneinander interpretiert werden k\u00f6nnen, in einem Text nicht auf verwirrende Art und Weise zusammengef\u00fcgt, wie in Computerprogrammen der Astrologie. Deswegen werden zusammenh\u00e4ngende Planetenkonstellationen in meinen Texten als solche beschrieben und zu einer in sich schl\u00fcssigen Horoskopinterpretation beschrieben.<\/p>\n\n\n\n<p> <br><strong>Folgende Angebote k\u00f6nnen in deutscher oder englischer Sprache erworben werden:<\/strong><\/p>\n\n\n\n<ul class=\"wp-block-list\"><li class=\" translation-block\"><strong>Horoskop-Fotografie mit Beschreibung with description \u20ac 105<\/strong><br>\nDas Horoskop-Foto wurde von mir anhand Ihrer pers\u00f6nlichen Geburtsdaten erstellt und ist daher einzigartig und nur f\u00fcr Sie oder eine besondere Person bestimmt. Aufgrund seiner Individualit\u00e4t und Komplexit\u00e4t ist jeder Mensch einzigartig und das Horoskop-Foto dr\u00fcckt dies nur f\u00fcr Sie aus.\nAuf Wunsch verwende ich ein Fotoportr\u00e4t von Ihnen, welches Sie mir gerne per Mail zukommen lassen k\u00f6nnen, um es in das Horoskop-Foto mit einzusetzen.<\/li><\/ul>\n\n\n\n<p class=\"has-background has-light-gray-background-color translation-block\">-&gt; <strong>Online bestellen:<\/strong> <br> Die<strong> Horoskop-Fotografie<\/strong> ist online als JPG- oder TIFF-Datei im A4-Format mit einer Aufl\u00f6sung von 72 dpi verf\u00fcgbar<br>\noder<br>\nals <strong>Printausgabe<\/strong> mit Framing gegen Aufpreis von 15 \u20ac zzgl. Versandkosten. <br>\nOnline bestellen: Lesen Sie die <strong>Beschreibung der Horoskopfotografie<\/strong> direkt auf dem Bildschirm, drucken Sie sie selbst aus. Format: PDF oder HTML.<br>\n<strong>Autor:<\/strong> Gabriele Johanna Schatzl<br>\n<strong>Umfang:<\/strong> 2 - 3 Seiten A4, einschlie\u00dflich Radix<br>\n<strong>Verf\u00fcgbar in:<\/strong> Deutsch, Englisch<\/p>\n\n\n\n<ul class=\"wp-block-list\"><li class=\" translation-block\"><strong>Pers\u00f6nlichkeitshoroskop mit individuellem Lebensmotto 95 \u20ac <\/strong><br>\numfasst die Beschreibung von H\u00e4userzuordnung und Sternzeichen, die Bestimmung der Planeten und die Aspekte der Planeten zueinander, mit Gewicht auf die Beschreibung des pers\u00f6nlichen Lebensmottos.<\/li><li class=\" translation-block\"><strong>Horoskop Ihrer individuellen Potentiale 95 \u20ac <\/strong><br>\numfasst die Beschreibung von H\u00e4userzuordnung und Sternzeichen, die Bestimmung der Planeten und die Aspekte der Planeten zueinander, mit Gewicht auf die Beschreibung des eigenen Potenziale und Talente.<\/li><li class=\" translation-block\"><strong>Aktuelle Zeitqualit\u00e4t f\u00fcr ein Jahr 95 \u20ac<\/strong><br>\nenth\u00e4lt die Interpretation der aktuellen Planetentransite in Ihrem Horoskop und deren Zeitqualit\u00e4t f\u00fcr ein Jahr<\/li><\/ul>\n\n\n\n<p class=\"has-background has-light-gray-background-color translation-block\">-&gt; <strong>Online bestellen<\/strong>, direkt auf dem Bildschirm lesen, selbst ausdrucken. Format: PDF oder HTML.<br>\n<strong>Autor: <\/strong>Gabriele Johanna Schatzl<br>\n<strong>Umfang:<\/strong> 10 - 15 Seiten A4, einschlie\u00dflich Radix<br>\n<strong>Verf\u00fcgbar in:<\/strong> Deutsch, Englisch<\/p>\n\n\n\n<ul class=\"wp-block-list\"><li><strong> Hochzeits- und Partnerschaftshoroskop <\/strong>190 \u20ac<strong> <\/strong><br>umfasst die Liebeshoroskope der beiden Partner*innen, das gemeinsame Partner*innenhoroskop und die Beeinflussung des gew\u00e4hlten Hochzeitstages auf das gemeinsames Leben. <\/li><\/ul>\n\n\n\n<p class=\"has-background has-light-gray-background-color translation-block\">-&gt; <strong>Online bestellen<\/strong>, direkt auf dem Bildschirm lesen, selbst ausdrucken. Format: PDF oder HTML.<br>\n<strong>Autor: <\/strong>Gabriele Johanna Schatzl<br>\n<strong>Umfang:<\/strong> 20 - 25 Seiten A4, einschlie\u00dflich Radix<br>\n<strong>Verf\u00fcgbar in:<\/strong> Deutsch, Englisch<\/p>\n\n\n\n<ul class=\"wp-block-list\"><li><strong>Pers\u00f6nliche Beratung<\/strong> \u20ac 95 <br>beinhaltet ein pers\u00f6nliches Gespr\u00e4ch \u00fcber eines der Angebote und erm\u00f6glicht dadurch, noch tiefer auf die Inhalte einzugehen und Fragen von Ihnen eingehend zu beantworten (pers\u00f6nliche Beratung ist \u00fcber Skype oder in meinem B\u00fcro m\u00f6glich) <\/li><\/ul>\n\n\n\n<p class=\"has-background has-light-gray-background-color translation-block\">-&gt; Angebote per E-Mail bestellen und Anfragen an folgende <br><strong>E-Mail-Adresse senden: info (at) maat-artio.at<\/strong><\/p>\n\n\n\n<p><strong>Kontakt: info (at) maat-artio.at<\/strong><\/p>\n\n\n\n<p>oder<\/p>\n\n\n<div class=\"wpforms-container wpforms-container-full\" id=\"wpforms-480\"><form id=\"wpforms-form-480\" class=\"wpforms-validate wpforms-form\" data-formid=\"480\" method=\"post\" enctype=\"multipart\/form-data\" action=\"\/de\/wp-json\/wp\/v2\/pages\/507\" data-token=\"0f6ec2e5b25bc81fac00ec9d19046252\" data-trp-original-action=\"\/de\/wp-json\/wp\/v2\/pages\/507\"><noscript class=\"wpforms-error-noscript\">Bitte aktiviere JavaScript in deinem Browser, um dieses Formular fertigzustellen.<\/noscript><div class=\"wpforms-field-container\"><div id=\"wpforms-480-field_0-container\" class=\"wpforms-field wpforms-field-name\" data-field-id=\"0\"><label class=\"wpforms-field-label\" for=\"wpforms-480-field_0\">Name <span class=\"wpforms-required-label\">*<\/span><\/label><input type=\"text\" id=\"wpforms-480-field_0\" class=\"wpforms-field-medium wpforms-field-required\" name=\"wpforms[fields][0]\" required><\/div><div id=\"wpforms-480-field_1-container\" class=\"wpforms-field wpforms-field-email\" data-field-id=\"1\"><label class=\"wpforms-field-label\" for=\"wpforms-480-field_1\">E-Mail <span class=\"wpforms-required-label\">*<\/span><\/label><input type=\"email\" id=\"wpforms-480-field_1\" class=\"wpforms-field-medium wpforms-field-required\" name=\"wpforms[fields][1]\" spellcheck=\"false\" required><\/div><div id=\"wpforms-480-field_2-container\" class=\"wpforms-field wpforms-field-textarea\" data-field-id=\"2\"><label class=\"wpforms-field-label\" for=\"wpforms-480-field_2\">Nachricht an uns<\/label><textarea id=\"wpforms-480-field_2\" class=\"wpforms-field-medium\" name=\"wpforms[fields][2]\" ><\/textarea><\/div><div id=\"wpforms-480-field_3-container\" class=\"wpforms-field wpforms-field-checkbox\" data-field-id=\"3\"><label class=\"wpforms-field-label\" for=\"wpforms-480-field_3\">Angebot bestellen<\/label><ul id=\"wpforms-480-field_3\"><li class=\"choice-1 depth-1\"><input type=\"checkbox\" id=\"wpforms-480-field_3_1\" name=\"wpforms[fields][3][]\" value=\"Horoscope Photography with description \u20ac 105\"  ><label class=\"wpforms-field-label-inline\" for=\"wpforms-480-field_3_1\">Horoscope Photography with description \u20ac 105<\/label><\/li><li class=\"choice-4 depth-1\"><input type=\"checkbox\" id=\"wpforms-480-field_3_4\" name=\"wpforms[fields][3][]\" value=\"Personality Horoscope with individual life motto \u20ac 95\"  ><label class=\"wpforms-field-label-inline\" for=\"wpforms-480-field_3_4\">Personality Horoscope with individual life motto \u20ac 95<\/label><\/li><li class=\"choice-2 depth-1\"><input type=\"checkbox\" id=\"wpforms-480-field_3_2\" name=\"wpforms[fields][3][]\" value=\"Horoscope of your own potential \u20ac 95\"  ><label class=\"wpforms-field-label-inline\" for=\"wpforms-480-field_3_2\">Horoscope of your own potential \u20ac 95<\/label><\/li><li class=\"choice-3 depth-1\"><input type=\"checkbox\" id=\"wpforms-480-field_3_3\" name=\"wpforms[fields][3][]\" value=\"Current time quality for one year \u20ac 95\"  ><label class=\"wpforms-field-label-inline\" for=\"wpforms-480-field_3_3\">Current time quality for one year \u20ac 95<\/label><\/li><li class=\"choice-5 depth-1\"><input type=\"checkbox\" id=\"wpforms-480-field_3_5\" name=\"wpforms[fields][3][]\" value=\"Personal consultation \u20ac 95\"  ><label class=\"wpforms-field-label-inline\" for=\"wpforms-480-field_3_5\">Pers\u00f6nliche Beratung zu einem Angebot \u20ac 95<\/label><\/li><li class=\"choice-6 depth-1\"><input type=\"checkbox\" id=\"wpforms-480-field_3_6\" name=\"wpforms[fields][3][]\" value=\"Wedding and relationship horoscope 190 \u20ac\"  ><label class=\"wpforms-field-label-inline\" for=\"wpforms-480-field_3_6\">Wedding and relationship horoscope 190 \u20ac<\/label><\/li><\/ul><\/div><\/div><!-- .wpforms-field-container --><div class=\"wpforms-field wpforms-field-hp\"><label for=\"wpforms-480-field-hp\" class=\"wpforms-field-label\">Phone<\/label><input type=\"text\" name=\"wpforms[hp]\" id=\"wpforms-480-field-hp\" class=\"wpforms-field-medium\"><\/div><div class=\"wpforms-submit-container\" ><input type=\"hidden\" name=\"wpforms[id]\" value=\"480\"><input type=\"hidden\" name=\"wpforms[author]\" value=\"1\"><button type=\"submit\" name=\"wpforms[submit]\" id=\"wpforms-submit-480\" class=\"wpforms-submit\" data-alt-text=\"Sende...\" data-submit-text=\"sent\" aria-live=\"assertive\" value=\"wpforms-submit\">senden<\/button><\/div><input type=\"hidden\" name=\"trp-form-language\" value=\"de\"\/><\/form><\/div>  <!-- .wpforms-container -->","protected":false},"excerpt":{"rendered":"<p>In my offers, I would like to express for you the uniqueness of your personality in word, writing and art, to convey to you and to give you courage for your plans in life. Since I also work as a competence trainer, I know how important it is to recognize one&#8217;s own potential and use &hellip; <a href=\"https:\/\/horoscopephotography.maat-artio.at\/de\/offers\/\" class=\"more-link\"><span class=\"screen-reader-text\">&#8222;offers&#8220; <\/span>weiterlesen<\/a><\/p>","protected":false},"author":1,"featured_media":0,"parent":0,"menu_order":0,"comment_status":"closed","ping_status":"closed","template":"","meta":{"_mi_skip_tracking":false,"_exactmetrics_sitenote_active":false,"_exactmetrics_sitenote_note":"","_exactmetrics_sitenote_category":0,"footnotes":""},"class_list":["post-507","page","type-page","status-publish","hentry"],"_links":{"self":[{"href":"https:\/\/horoscopephotography.maat-artio.at\/de\/wp-json\/wp\/v2\/pages\/507","targetHints":{"allow":["GET"]}}],"collection":[{"href":"https:\/\/horoscopephotography.maat-artio.at\/de\/wp-json\/wp\/v2\/pages"}],"about":[{"href":"https:\/\/horoscopephotography.maat-artio.at\/de\/wp-json\/wp\/v2\/types\/page"}],"author":[{"embeddable":true,"href":"https:\/\/horoscopephotography.maat-artio.at\/de\/wp-json\/wp\/v2\/users\/1"}],"replies":[{"embeddable":true,"href":"https:\/\/horoscopephotography.maat-artio.at\/de\/wp-json\/wp\/v2\/comments?post=507"}],"version-history":[{"count":33,"href":"https:\/\/horoscopephotography.maat-artio.at\/de\/wp-json\/wp\/v2\/pages\/507\/revisions"}],"predecessor-version":[{"id":915,"href":"https:\/\/horoscopephotography.maat-artio.at\/de\/wp-json\/wp\/v2\/pages\/507\/revisions\/915"}],"wp:attachment":[{"href":"https:\/\/horoscopephotography.maat-artio.at\/de\/wp-json\/wp\/v2\/media?parent=507"}],"curies":[{"name":"wp","href":"https:\/\/api.w.org\/{rel}","templated":true}]}}