{"id":556,"date":"2019-01-22T22:19:18","date_gmt":"2019-01-22T22:19:18","guid":{"rendered":"http:\/\/horoscopephotography.maat-artio.at\/?page_id=556"},"modified":"2020-06-18T17:39:05","modified_gmt":"2020-06-18T17:39:05","slug":"current-time-quality","status":"publish","type":"page","link":"https:\/\/horoscopephotography.maat-artio.at\/de\/current-time-quality\/","title":{"rendered":"Aktuelle Zeitqualit\u00e4t"},"content":{"rendered":"<h2 class=\"wp-block-heading\">Aktuelle Zeitqualit\u00e4t 2019-2020<\/h2>\n\n\n\n<figure class=\"wp-block-image\"><img loading=\"lazy\" decoding=\"async\" width=\"709\" height=\"471\" src=\"http:\/\/horoscopephotography.maat-artio.at\/wp-content\/uploads\/2019\/01\/collage-bee-tree-green-meadow_gabriele_johanna_schatzl.jpg\" alt=\"\" class=\"wp-image-279\" srcset=\"https:\/\/horoscopephotography.maat-artio.at\/wp-content\/uploads\/2019\/01\/collage-bee-tree-green-meadow_gabriele_johanna_schatzl.jpg 709w, https:\/\/horoscopephotography.maat-artio.at\/wp-content\/uploads\/2019\/01\/collage-bee-tree-green-meadow_gabriele_johanna_schatzl-300x199.jpg 300w\" sizes=\"auto, (max-width: 709px) 85vw, 709px\" \/><\/figure>\n\n\n\n<p class=\" translation-block\"><strong>Globale Heilung<\/strong><br>\nUranus noch im Widder gibt den gesellschaftspolitischen Themen dieser Zeitqualit\u00e4t eine stabile und unterst\u00fctzende Kraft, und die Chance, diese auch umzusetzen. Kiron in den Fischen weist noch immer auf einen notwendigen umfassenden globalen Heilungsprozess hin, der durch Neptun seinem eigenen Herrscher im Zeichen Fische, gef\u00f6rdert werden kann. Allerdings nur, wenn die universellen und globalen Themen beachtet werden. Hier ist ein gro\u00dfes Ma\u00df an Intuition und Einf\u00fchlungsverm\u00f6gen notwendig. Ansonsten ist die Gefahr, dass Neptun die wirklich brisanten Themen hinter einem Schleier verborgen h\u00e4lt und wir uns in T\u00e4uschungen verstricken.<\/p>\n\n\n\n<p class=\" translation-block\"><strong>Fundamentale gesellschaftliche Ver\u00e4nderungen<\/strong><br>\nDie gr\u00f6\u00dfte Herausforderung steht jedoch im Steinbock. Saturn und Pluto bewegen sich einige Jahre, und Pluto sogar \u00fcber ein Jahrzehnt, durch ein Zeichen. Steinbock steht f\u00fcr die gesellschaftliche Ordnung und Strukturen. Pluto wandelt diese bereits seit \u00fcber einem Jahrzehnt fundamental, mit Saturn im eigenen Zeichen, Steinbock, wird diese Wandlung nach ihrer Best\u00e4ndigkeit gepr\u00fcft. Diese Konstellation wird noch ca. 5 Jahre dauern und der westlichen Welt und vor allem Europa ein neues Kleid der gesellschaftlichen Ordnung geben. In welcher Art diese erfolgen wird, steht noch in den Sternen. Auf jeden Fall spitzt sich der Ver\u00e4nderungsprozess immer mehr zu und es ist beruhigend, dass Saturn entsprechend pr\u00fcft, ob diese Ver\u00e4nderung im Sinne des\/der Einzelnen Bestand hat. Andererseits h\u00e4lt Saturn auch gerne an Altem fest, solange das Neue nicht seiner Pr\u00fcfung stand h\u00e4lt. Diese beiden Planeten bewirken eine hohe Spannung f\u00fcr und gegen Ver\u00e4nderungen.<\/p>\n\n\n\n<p class=\" translation-block\"><strong>Keine gemeinsame Richtung<\/strong><br>\nDa die einzelnen Konstellationen kaum klare Verbindungen zueinander besitzen, k\u00f6nnen diese unterschiedlichen Bestrebungen und deren Energie stark auseinander dividierend wirken. \nSo ergeben die Interessen von Erweiterung in Spiritualit\u00e4t, Religion und Ethik momentan keine Einheit mit sozialen und gesellschaftlichen \u00dcberlegungen und Visionen, und genauso wenig mit W\u00fcnschen nach Ver\u00e4nderungen der gesellschaftlichen Struktur und Ordnung, die f\u00fcr sich steht und ohne Zielgerichtetheit voran strebt.<\/p>\n\n\n\n<div class=\"wp-block-media-text alignwide\" style=\"grid-template-columns:61% auto\"><figure class=\"wp-block-media-text__media\"><img loading=\"lazy\" decoding=\"async\" width=\"1024\" height=\"768\" src=\"http:\/\/horoscopephotography.maat-artio.at\/wp-content\/uploads\/2019\/01\/Zeitqualit\u00e4t-Februar-2019_web1-1024x768.jpg\" alt=\"\" class=\"wp-image-799\" srcset=\"https:\/\/horoscopephotography.maat-artio.at\/wp-content\/uploads\/2019\/01\/Zeitqualit\u00e4t-Februar-2019_web1-1024x768.jpg 1024w, https:\/\/horoscopephotography.maat-artio.at\/wp-content\/uploads\/2019\/01\/Zeitqualit\u00e4t-Februar-2019_web1-300x225.jpg 300w, https:\/\/horoscopephotography.maat-artio.at\/wp-content\/uploads\/2019\/01\/Zeitqualit\u00e4t-Februar-2019_web1-768x576.jpg 768w, https:\/\/horoscopephotography.maat-artio.at\/wp-content\/uploads\/2019\/01\/Zeitqualit\u00e4t-Februar-2019_web1.jpg 1181w\" sizes=\"auto, (max-width: 709px) 85vw, (max-width: 909px) 67vw, (max-width: 1362px) 62vw, 840px\" \/><\/figure><div class=\"wp-block-media-text__content\">\n<p class=\"has-medium-font-size\">Horoskopfotografie der aktuellen Zeitqualit\u00e4t <\/p>\n<\/div><\/div>\n\n\n\n<p><\/p>","protected":false},"excerpt":{"rendered":"<p>Longer-term topics 2019-2020 Global healingUranus still in Aries gives the socio-political issues of this time quality a stable and supportive power, and the chance to implement them. Kiron in the fish still points to a necessary global healing process that can be fostered by Neptune, his own ruler for Fish. However, only if the universal &hellip; <a href=\"https:\/\/horoscopephotography.maat-artio.at\/de\/current-time-quality\/\" class=\"more-link\"><span class=\"screen-reader-text\">&#8222;current-time-quality&#8220; <\/span>weiterlesen<\/a><\/p>","protected":false},"author":1,"featured_media":0,"parent":0,"menu_order":5,"comment_status":"closed","ping_status":"closed","template":"","meta":{"_mi_skip_tracking":false,"_exactmetrics_sitenote_active":false,"_exactmetrics_sitenote_note":"","_exactmetrics_sitenote_category":0,"footnotes":""},"class_list":["post-556","page","type-page","status-publish","hentry"],"_links":{"self":[{"href":"https:\/\/horoscopephotography.maat-artio.at\/de\/wp-json\/wp\/v2\/pages\/556","targetHints":{"allow":["GET"]}}],"collection":[{"href":"https:\/\/horoscopephotography.maat-artio.at\/de\/wp-json\/wp\/v2\/pages"}],"about":[{"href":"https:\/\/horoscopephotography.maat-artio.at\/de\/wp-json\/wp\/v2\/types\/page"}],"author":[{"embeddable":true,"href":"https:\/\/horoscopephotography.maat-artio.at\/de\/wp-json\/wp\/v2\/users\/1"}],"replies":[{"embeddable":true,"href":"https:\/\/horoscopephotography.maat-artio.at\/de\/wp-json\/wp\/v2\/comments?post=556"}],"version-history":[{"count":16,"href":"https:\/\/horoscopephotography.maat-artio.at\/de\/wp-json\/wp\/v2\/pages\/556\/revisions"}],"predecessor-version":[{"id":898,"href":"https:\/\/horoscopephotography.maat-artio.at\/de\/wp-json\/wp\/v2\/pages\/556\/revisions\/898"}],"wp:attachment":[{"href":"https:\/\/horoscopephotography.maat-artio.at\/de\/wp-json\/wp\/v2\/media?parent=556"}],"curies":[{"name":"wp","href":"https:\/\/api.w.org\/{rel}","templated":true}]}}