{"id":593,"date":"2019-01-27T20:57:03","date_gmt":"2019-01-27T20:57:03","guid":{"rendered":"http:\/\/horoscopephotography.maat-artio.at\/?page_id=593"},"modified":"2020-06-19T12:12:41","modified_gmt":"2020-06-19T12:12:41","slug":"horoscope-iv","status":"publish","type":"page","link":"https:\/\/horoscopephotography.maat-artio.at\/de\/horoscope-iv\/","title":{"rendered":"Horoskop IV"},"content":{"rendered":"<div class=\"wp-block-image\"><figure class=\"aligncenter\"><img loading=\"lazy\" decoding=\"async\" width=\"425\" height=\"640\" src=\"http:\/\/horoscopephotography.maat-artio.at\/wp-content\/uploads\/2019\/01\/horoskopfoto-peter_web.jpg\" alt=\"\" class=\"wp-image-562\" srcset=\"https:\/\/horoscopephotography.maat-artio.at\/wp-content\/uploads\/2019\/01\/horoskopfoto-peter_web.jpg 425w, https:\/\/horoscopephotography.maat-artio.at\/wp-content\/uploads\/2019\/01\/horoskopfoto-peter_web-199x300.jpg 199w\" sizes=\"auto, (max-width: 425px) 85vw, 425px\" \/><figcaption>Weniger H\u00e4rte zu sich selbst, aber auch zu Beziehungspartnerinnen ist wichtig, um Zufriedenheit zu finden. Die eigenen Gef\u00fchle spielen hier eine wichtige Rolle und sind bei Entscheidungen immer anzuh\u00f6ren, egal in welcher Situation Deines Lebens. Deine Heilung findet hier statt. Verh\u00e4rtungen sind k\u00f6rperlich und geistig eine Herausforderung. Auf Deine Intuition und Gef\u00fchle zu h\u00f6ren wirken positiv auf Deine Gesundheit. Kreativit\u00e4t und Kunst ist ein Bereich, um Liebe im weitesten Sinn im Leben zu finden und mit all den herausfordernden Ver\u00e4nderungen umgehen zu k\u00f6nnen, die bevorstehen.<br><\/figcaption><\/figure><\/div>\n\n\n\n<p><strong>Textauszug: Pers\u00f6nlichkeitshoroskop<\/strong><\/p>\n\n\n\n<p><em><strong><strong>\"Lebensmotto: Vertrauen in die eigenen Gef\u00fchle, Gef\u00fchlstiefe und Intuition erlangen\"<\/strong><\/strong><\/em><\/p>\n\n\n\n<p class=\" translation-block\"><em> (...) Der Bew\u00e4ltigung der Einstellung, dass das Leben hart ist, wird mit der Tatkraft von Mars und der Vernunft von Merkur in Steinbock, im 1. Haus, begegnet. Beide stehen in Konjunktion zueinander und auch noch zur Sonne. Mars mit seiner m\u00e4nnlichen Energie unterst\u00fctzt von Merkur kann die Einstellung zum Leben einen sehr strengen Ausdruck, vor allem sich selbst gegen\u00fcber, geben. Das unerbittliche Handeln von Mars, als K\u00e4mpfer, und Merkur, als hier klarer Stratege, f\u00fchren die Sonne mit all ihrer Lebensenergie unausweichlich zum erkl\u00e4rten Ziel, was es zu erreichen gilt.  Da stehen die Gef\u00fchle, durch Mond, im vis a vis Zeichen, oft im Gegensatz zum scheinbar zu Erreichendem, und wird als hinderlich und als Gef\u00fchlsdusselei empfunden, termingerecht den Tagesplan zu erledigen. (...)<\/p>\n\n\n\n<p class=\" translation-block\"><em> (...)Mit Gl\u00fcck und der eigenen Erweiterung im Leben dient Jupiter im 3. Haus im Widder. Wo Du in der Gruppe mit Tatkraft mitwirkst und auch Erf\u00fcllung findest. Jupiter im Quadrat zur Konstellation Mars, Merkur und Sonne, bedeutet aber auch eine immer m\u00f6gliche Spannung und auch \u00dcberforderung der eigenen Lebensenergie dadurch. Das richtige Ma\u00df zu finden ist hier angesagt. (...)<\/p>\n\n\n\n<p class=\" translation-block\"><em>(...) Venus im Wassermann und im ersten Haus im Sextil zu Jupiter, bringt viel Liebe und Sch\u00f6nheit in dieses Tun, macht es aber auch umso schwerer, mal Nein zu sagen, da ja ein sehr positives Gef\u00fchl damit verbunden ist. Dazu sorgt Venus im Wassermann f\u00fcr die Liebe zu einer \u00fcbergeordneten Sch\u00f6nheit in der Gesellschaft, die Du auch in den K\u00fcnsten findest und ihrem Ausdruck. (...)<\/p>\n\n\n\n<p><strong>Textauszug: Horoskop der Pers\u00f6nlichen Potentiale<\/strong><\/p>\n\n\n\n<p class=\" translation-block\"><em>(...) Mars mit seiner m\u00e4nnlichen Energie unterst\u00fctzt von Merkur kann die Einstellung zum Leben einen sehr strengen Ausdruck, vor allem sich selbst gegen\u00fcber, geben. Das unerbittliche Handeln von Mars, als K\u00e4mpfer, und Merkur, als hier klarer Stratege, f\u00fchren die Sonne mit all ihrer Lebensenergie unausweichlich zum erkl\u00e4rten Ziel, was es zu bew\u00e4ltigen gibt. (...)<\/p>\n\n\n\n<p class=\" translation-block\"><em>(...) Neptun im Skorpion deutet auf die F\u00e4higkeit hin Ver\u00e4nderungen in ihrer Tiefe wahrnehmen zu k\u00f6nnen und ertragen zu k\u00f6nnen. Skorpion steht auch f\u00fcr unangenehme menschliche Tiefen, die hier mit Neptun intuitiv erfasst werden k\u00f6nnen oder auch verschleiert werden. Mit dem f\u00f6rdernden Aspekt von Chiron, dem inneren Heiler, deutet es darauf hin, dass das Erfassen und umgehen k\u00f6nnen mit menschlichen Tiefen, eine heilende Wirkung auf Dich haben wird. (...)<\/p>","protected":false},"excerpt":{"rendered":"<p>Exerpt: Personality Horoscope &#8220;Life motto: gaining confidence in one&#8217;s own feelings, depth of feeling and intuition&#8221; (&#8230;) Coping with the attitude that life is hard is met with the energy of Mars and the wisdom of Mercury in Capricorn, 1st house. Both are in conjunction with each other and even to the sun. Mars with &hellip; <a href=\"https:\/\/horoscopephotography.maat-artio.at\/de\/horoscope-iv\/\" class=\"more-link\"><span class=\"screen-reader-text\">&#8222;horoscope IV&#8220; <\/span>weiterlesen<\/a><\/p>","protected":false},"author":1,"featured_media":0,"parent":0,"menu_order":0,"comment_status":"closed","ping_status":"closed","template":"","meta":{"_mi_skip_tracking":false,"_exactmetrics_sitenote_active":false,"_exactmetrics_sitenote_note":"","_exactmetrics_sitenote_category":0,"footnotes":""},"class_list":["post-593","page","type-page","status-publish","hentry"],"_links":{"self":[{"href":"https:\/\/horoscopephotography.maat-artio.at\/de\/wp-json\/wp\/v2\/pages\/593","targetHints":{"allow":["GET"]}}],"collection":[{"href":"https:\/\/horoscopephotography.maat-artio.at\/de\/wp-json\/wp\/v2\/pages"}],"about":[{"href":"https:\/\/horoscopephotography.maat-artio.at\/de\/wp-json\/wp\/v2\/types\/page"}],"author":[{"embeddable":true,"href":"https:\/\/horoscopephotography.maat-artio.at\/de\/wp-json\/wp\/v2\/users\/1"}],"replies":[{"embeddable":true,"href":"https:\/\/horoscopephotography.maat-artio.at\/de\/wp-json\/wp\/v2\/comments?post=593"}],"version-history":[{"count":17,"href":"https:\/\/horoscopephotography.maat-artio.at\/de\/wp-json\/wp\/v2\/pages\/593\/revisions"}],"predecessor-version":[{"id":902,"href":"https:\/\/horoscopephotography.maat-artio.at\/de\/wp-json\/wp\/v2\/pages\/593\/revisions\/902"}],"wp:attachment":[{"href":"https:\/\/horoscopephotography.maat-artio.at\/de\/wp-json\/wp\/v2\/media?parent=593"}],"curies":[{"name":"wp","href":"https:\/\/api.w.org\/{rel}","templated":true}]}}