{"id":880,"date":"2019-03-04T06:46:01","date_gmt":"2019-03-04T06:46:01","guid":{"rendered":"http:\/\/horoscopephotography.maat-artio.at\/?page_id=880"},"modified":"2019-03-04T07:26:39","modified_gmt":"2019-03-04T07:26:39","slug":"agb","status":"publish","type":"page","link":"https:\/\/horoscopephotography.maat-artio.at\/de\/agb\/","title":{"rendered":"AGB - Allgemeine Gesch\u00e4ftsbedingungen"},"content":{"rendered":"<p>Kurz AGB. Mit Ihrer Bestellung best\u00e4tigen Sie diese Allgemeinen Gesch\u00e4ftsbedingungen gelesen zu haben und das Ihrer Bestellung zugrunde liegende Rechtsgesch\u00e4ft anzuerkennen.<\/p>\n\n\n\n<p>Allenfalls bestehende Allgemeine Gesch\u00e4ftsbedingungen des Bestellers\/der Bestellerin werden nicht anerkannt und sind unwirksam.<\/p>\n\n\n\n<p>1. VERTRAGSPARTNER<\/p>\n\n\n\n<p>Der Vertrag \u00fcber die Erstellung und Lieferung unserer Produkte kommt ausschlie\u00dflich zwischen dem\/der  Besteller_in und horoscopephotography.maat-artio.at \u2013 MAATartio e.U. - Gabriele Johanna Schatzl<\/p>\n\n\n\n<p>Inhaberin: Mag. Gabriele Johanna Schatzl<\/p>\n\n\n\n<p>Anton\nSattler Gasse 100, 1220 Vienna<\/p>\n\n\n\n<p>Mitglied der Fachgruppe der pers\u00f6nlichen Dienstleister sowie der Berufsfotografen in der Wirtschaftskammer Wien www.wkw.at<\/p>\n\n\n\n<p>Allf\u00e4llige R\u00fcckfragen k\u00f6nnen an info@maat-artio.at oder Tel: +43-1-6991 942 16 97 gerichtet werden.<\/p>\n\n\n\n<p>2. ZUSTANDEKOMMEN DES VERTRAGES<\/p>\n\n\n\n<p>F\u00fcr das Zustandekommen des Vertrages zwischen dem\/der Besteller_in und horoscopephotography.maat-artio.at \u2013 MAATartio e.U. - Gabriele Johanna Schatzl  \u00fcber die Erstellung und Lieferung eines personenbezogenen Horoskopprodukts, sind auf der Bestellmaske alle mit \u201e* \u201c gekennzeichneten Felder vollst\u00e4ndig und richtig auszuf\u00fcllen. Sollte eines dieser Felder nicht ausgef\u00fcllt sein, kann die Bestellung nicht bearbeitet werden und es kommt kein g\u00fcltiger Vertrag zustande.<\/p>\n\n\n\n<p>Durch das Klicken des Buttons \u201esenden\u201c best\u00e4tigt der\/die Besteller_in die Richtigkeit und Vollst\u00e4ndigkeit der angef\u00fchrten Bestelldaten und die Bestellung wird per E-Mail an info@maat-artio.at \u2013 Gabriele Johanna Schatzl gesendet. Durch das Absenden der Bestellung ist der\/die Besteller_in an seine\/ihre Bestellung gebunden und erkl\u00e4rt sich ausdr\u00fccklich mit den Allgemeinen Gesch\u00e4ftsbedingungen einverstanden. \u00dcber den Eingang der Bestellung erh\u00e4lt der\/die Besteller_in eine Auftragsbest\u00e4tigung.<\/p>\n\n\n\n<p>3. VERTRAGSGEGENSTAND<\/p>\n\n\n\n<p>3.1 Horoskopanalysen<\/p>\n\n\n\n<p>Vertragsgegenstand ist die Erstellung und Lieferung eines Horoskopes samt Analyse bzw. einer pers\u00f6nlichen Horoskopkunstfotografie samt Beschreibung. Das Horoskop wird von Frau Mag. Gabriele Johanna Schatzl individuell aufgrund der vom\/von der Besteller_in im Bestellformular angegebenen Informationen \u00fcber Geburtsdatum, Geburtsort und Geburtszeit erstellt.<\/p>\n\n\n\n<p>4. PREIS UND ZAHLUNGSMODALIT\u00c4TEN<\/p>\n\n\n\n<p>Der aktuelle Preis f\u00fcr die Erstellung des Geburtshoroskops bzw. einer Horoskopkunstfotografie kann jederzeit unter dem Men\u00fcpunkt \u201eAngebote\u201c abgerufen werden. Der Preis f\u00fcr die Erstellung eines Geburtshoroskops versteht sich inklusive aller Steuern, die Versandkosten werden je nach Zustelladresse im In- oder Ausland extra berechnet. Das bestellte Geburtshoroskop kann mittels Vorab\u00fcberweisung bezahlt werden. Die \u00dcberweisungsdaten k\u00f6nnen unter dem Men\u00fcpunkt \u201eAngebote\u201c abgerufen werden bzw. werden bei Erhalt der Bestellung per Email dem\/der Besteller_in zugesandt.<\/p>\n\n\n\n<p>Allf\u00e4llige Fragen im Zusammenhang mit \u00dcberweisungen und Abbuchungen \u00fcber die Bestellung sind direkt zu richten an:<\/p>\n\n\n\n<p>horoscopephotography.maat-artio.at \u2013 MAATartio e.U. - Gabriele Johanna Schatzl, info@maat-artio.at oder Tel: +43-1-6991 942 16 97<\/p>\n\n\n\n<p>5. VERPFLICHTUNGEN DES\/DER BESTELLERS_IN<\/p>\n\n\n\n<p>Der\/die Besteller_in einer Horoskopanalyse ist verpflichtet, beim Ausf\u00fcllen der Bestellmaske aktuelle, richtige und vollst\u00e4ndige Informationen anzugeben und der\/die Besteller_in haftet Frau Mag. Gabriele Johanna Schatzl f\u00fcr alle Sch\u00e4den, die durch die Verletzung dieser Verpflichtung entstehen.<\/p>\n\n\n\n<p>6. R\u00dcCKTRITT VOM VERTRAG F\u00dcR HOROSKOPANALYSEN<\/p>\n\n\n\n<p>Jede Horoskopanalyse ist ein Unikat und wird von Frau Mag. Gabriele Johanna Schatzl aufgrund der vom\/von der Besteller_in in der Bestellmaske angegebenen Informationen \u00fcber Geburtsdatum, Geburtszeit und Geburtsort individuell und personenspezifisch erstellt. Der\/die Besteller_in nimmt daher zur Kenntnis, dass er\/sie kein R\u00fccktrittsrecht gem\u00e4\u00df \u00a7\u00a7 5e und 5f Z 3 KSchG hat.<\/p>\n\n\n\n<p>8. DATENSCHUTZ<\/p>\n\n\n\n<p>Die im Rahmen des Bestellvorgangs angef\u00fchrten personenbezogenen Daten werden von Fau Mag. Gabriele Johanna Schatzl streng vertraulich behandelt und ausschlie\u00dflich zum Zweck der Erstellung und Lieferung des bestellten Geburtshoroskops, zum Zweck der Erf\u00fcllung der sonstigen Rechte und Pflichten aus dem jeweiligen Vertrag \u00fcber die Erstellung und Lieferung einer Horoskopanalyse bzw. einer Horoskopkunstfotografie, sowie zum Zweck der statistischen Auswertung der erfolgten Bestellungen verwendet. Au\u00dfer zur Erf\u00fcllung der wechselseitigen Vertragsverpflichtungen (z.B. Weitergabe an die Kreditkartenstelle) werden personenbezogene Daten an keine Dritten weitergegeben.<\/p>\n\n\n\n<p>9. GEW\u00c4HRLEISTUNG UND HAFTUNG<\/p>\n\n\n\n<p>Frau Mag. Gabriele Johanna Schatzl erstellt die bestellte Horoskopanalyse gewissenhaft und sorgf\u00e4ltig nach anerkannten astrologischen Grunds\u00e4tzen bzw. die Horoskopkunstfotografie zus\u00e4tzlich in besten Kenntnissen \u00fcber Fotografie und deren Techniken. Frau Mag. Gabriele Johanna Schatzl leistet jedoch keine Gew\u00e4hr f\u00fcr die Richtigkeit der Horoskopanalyse und der in der Horoskopanalyse get\u00e4tigten Analysen und Aussagen.<\/p>\n\n\n\n<p>Frau Mag. Gabriele Johanna Schatzl haftet keinesfalls f\u00fcr Sch\u00e4den oder sonstige Folgen aufgrund oder im Zusammenhang mit der Richtigkeit der Horoskopanalyse oder aufgrund oder im Zusammenhang mit der in der Horoskopanalyse get\u00e4tigten Aussagen.<\/p>\n\n\n\n<p>10. SONSTIGES<\/p>\n\n\n\n<p>Die Vertragssprache ist Deutsch und Englisch. Auf das gegenst\u00e4ndliche Vertragsverh\u00e4ltnis ist ausschlie\u00dflich \u00f6sterreichisches Recht unter Ausschluss der Verweisungsnormen des \u00f6sterreichischen Internationalen Privatrechts anwendbar.<\/p>\n\n\n\n<p>Vereinbarter Gerichtsstand f\u00fcr alle Rechtsstreitigkeiten aus und im Zusammenhang mit den gegenst\u00e4ndlichen Allgemeinen Gesch\u00e4ftsbedingungen ist Wien (\u00a7 104 JN). Diese Gerichtsstandsvereinbarung gilt jedoch nicht, wenn Fr. Mag. Gabriele Johanna Schatzl eine Klage gegen einen\/eine Besteller_in einbringt, der\/die ein\/eine Verbraucher_in im Sinne des Konsumentenschutzgesetzes ist und der seinen Wohnsitz oder seinen gew\u00f6hnlichen Aufenthalt in \u00d6sterreich hat oder der in \u00d6sterreich besch\u00e4ftigt ist.<\/p>\n\n\n\n<p>Sollte eine der Bestimmungen der gegenst\u00e4ndlichen Allgemeinen Gesch\u00e4ftsbedingungen, aus welchen Gr\u00fcnden auch immer, unwirksam sein, so wird dadurch die Wirksamkeit der \u00fcbrigen Bestimmungen nicht ber\u00fchrt.<\/p>","protected":false},"excerpt":{"rendered":"<p>Short terms. By placing your order you confirm that you have read these terms and conditions and accept the legal transaction underlying your order. Any existing general terms and conditions of the customer are not recognized and are ineffective. 1. CONTRACTUAL PARTNER The contract for the creation and delivery of our products comes exclusively between &hellip; <a href=\"https:\/\/horoscopephotography.maat-artio.at\/de\/agb\/\" class=\"more-link\"><span class=\"screen-reader-text\">&#8222;AGB &#8211; General terms and conditions of business&#8220; <\/span>weiterlesen<\/a><\/p>","protected":false},"author":1,"featured_media":0,"parent":0,"menu_order":0,"comment_status":"closed","ping_status":"closed","template":"","meta":{"_mi_skip_tracking":false,"_exactmetrics_sitenote_active":false,"_exactmetrics_sitenote_note":"","_exactmetrics_sitenote_category":0,"footnotes":""},"class_list":["post-880","page","type-page","status-publish","hentry"],"_links":{"self":[{"href":"https:\/\/horoscopephotography.maat-artio.at\/de\/wp-json\/wp\/v2\/pages\/880","targetHints":{"allow":["GET"]}}],"collection":[{"href":"https:\/\/horoscopephotography.maat-artio.at\/de\/wp-json\/wp\/v2\/pages"}],"about":[{"href":"https:\/\/horoscopephotography.maat-artio.at\/de\/wp-json\/wp\/v2\/types\/page"}],"author":[{"embeddable":true,"href":"https:\/\/horoscopephotography.maat-artio.at\/de\/wp-json\/wp\/v2\/users\/1"}],"replies":[{"embeddable":true,"href":"https:\/\/horoscopephotography.maat-artio.at\/de\/wp-json\/wp\/v2\/comments?post=880"}],"version-history":[{"count":4,"href":"https:\/\/horoscopephotography.maat-artio.at\/de\/wp-json\/wp\/v2\/pages\/880\/revisions"}],"predecessor-version":[{"id":887,"href":"https:\/\/horoscopephotography.maat-artio.at\/de\/wp-json\/wp\/v2\/pages\/880\/revisions\/887"}],"wp:attachment":[{"href":"https:\/\/horoscopephotography.maat-artio.at\/de\/wp-json\/wp\/v2\/media?parent=880"}],"curies":[{"name":"wp","href":"https:\/\/api.w.org\/{rel}","templated":true}]}}